{"id":278,"date":"2026-01-10T15:15:04","date_gmt":"2026-01-10T15:15:04","guid":{"rendered":"https:\/\/kuhlmansaga.com\/?page_id=278"},"modified":"2026-01-29T06:40:52","modified_gmt":"2026-01-29T06:40:52","slug":"lauteur","status":"publish","type":"page","link":"https:\/\/kuhlmansaga.com\/sv\/lauteur\/","title":{"rendered":"F\u00f6rfattaren"},"content":{"rendered":"<p>Jag heter Etienne Laude, jag f\u00f6ddes i Frankrike i juli 1965 och historien, eller snarare historierna, med tanke p\u00e5 rikedomen i de \u00e4ventyr jag ska ber\u00e4tta om, str\u00e4cker sig \u00f6ver n\u00e4stan fyra \u00e5rhundraden.<\/p>\n\n\n\n<p>\u00ab <em>Det \u00e4r helt normalt att du v\u00e4ljer den v\u00e4gen, Etienne. Gl\u00f6m inte att du \u00e4r en Kuhlman\"<\/em> \", sa min mormor Suzanne n\u00e4r jag bes\u00f6kte henne i slutet av augusti 1990 f\u00f6r att be henne om r\u00e5d. Tur att min blivande fru Delphine var med mig, annars tror jag inte att n\u00e5gon skulle tro mig. Men vad menade Suzanne? Vad visste hon egentligen om den historia som jag s\u00e5 sm\u00e5ningom har avsl\u00f6jat? Denna fr\u00e5ga gnagde mig st\u00e4ndigt, f\u00f6r jag \u00e4r s\u00e4ker p\u00e5 att hon skulle ha ber\u00e4ttat mer om hon hade k\u00e4nt till alla detaljer som jag senare uppt\u00e4ckte.<\/p>\n\n\n<div class=\"wp-block-image\">\n<figure class=\"alignleft size-large\"><img loading=\"lazy\" decoding=\"async\" width=\"1024\" height=\"680\" src=\"https:\/\/kuhlmansaga.com\/wp-content\/uploads\/2026\/01\/Suzanne-Kuhlman-vers-1930-1024x680.jpg\" alt=\"\" class=\"wp-image-281\" style=\"object-fit:cover\" srcset=\"https:\/\/kuhlmansaga.com\/wp-content\/uploads\/2026\/01\/Suzanne-Kuhlman-vers-1930-1024x680.jpg 1024w, https:\/\/kuhlmansaga.com\/wp-content\/uploads\/2026\/01\/Suzanne-Kuhlman-vers-1930-scaled-350x233.jpg 350w, https:\/\/kuhlmansaga.com\/wp-content\/uploads\/2026\/01\/Suzanne-Kuhlman-vers-1930-300x199.jpg 300w, https:\/\/kuhlmansaga.com\/wp-content\/uploads\/2026\/01\/Suzanne-Kuhlman-vers-1930-768x510.jpg 768w, https:\/\/kuhlmansaga.com\/wp-content\/uploads\/2026\/01\/Suzanne-Kuhlman-vers-1930-1536x1020.jpg 1536w, https:\/\/kuhlmansaga.com\/wp-content\/uploads\/2026\/01\/Suzanne-Kuhlman-vers-1930-2048x1361.jpg 2048w, https:\/\/kuhlmansaga.com\/wp-content\/uploads\/2026\/01\/Suzanne-Kuhlman-vers-1930-18x12.jpg 18w\" sizes=\"auto, (max-width: 1024px) 100vw, 1024px\" \/><figcaption class=\"wp-element-caption\"><em>Suzanne Kuhlman (1908\u20131990), fotografi taget i Nedroma, Algeriet, hennes f\u00f6rsta tj\u00e4nst som l\u00e4rarinna 1929. F\u00f6rfattarens personliga samling.<\/em><\/figcaption><\/figure>\n<\/div>\n\n\n<p>A l&rsquo;\u00e9poque je n&rsquo;avais que peu d&rsquo;informations concr\u00e8tes pour mener cette enqu\u00eate. On savait dans la famille qu&rsquo;un des anc\u00eatres avait \u00e9t\u00e9 Consul G\u00e9n\u00e9ral de Su\u00e8de et Norv\u00e8ge en Alg\u00e9rie, dont est originaire toute notre famille depuis la moiti\u00e9 du XIXe si\u00e8cle et un de mes grand-oncles, Pierre avait commenc\u00e9 quelques recherches. Mais tout se r\u00e9sumait \u00e0 un petit bout d&rsquo;arbre g\u00e9n\u00e9alogique qui ne remontait pas plus loin que 1850. Et puis de quels Kuhlman s&rsquo;agissaient-ils ? Ceux d&rsquo;Alsace ? Peut-\u00eatre la famille du c\u00e9l\u00e8bre chimiste ? Sachant que l&rsquo;orthographe du nom \u00e9tait parfois \u00e9crite avec deux \u00ab\u00a0n\u00a0\u00bb au lieu d&rsquo;un seul le d\u00e9but de l&rsquo;enqu\u00eate fut tr\u00e8s difficile. On savait n\u00e9anmoins que ces Kuhlman venaient de Norrk\u00f6ping en Su\u00e8de, notre origine ne pouvait donc pas \u00eatre de France, en tous cas concernant cette branche.<\/p>\n\n\n\n<p>Quelques ann\u00e9es plus tard, je d\u00e9couvris rang\u00e9s dans une armoire de la maison familiale deux grandes photographies prises au d\u00e9but des ann\u00e9es 1950 et qui montraient Johan Kuhlman et son \u00e9pouse Margarita Sehlberg. Il \u00e9tait clairement indiqu\u00e9 au dos de chaque photo les dates de naissance et de d\u00e9c\u00e8s qui se sont av\u00e9r\u00e9es partiellement correctes, en tous cas pour les naissances. Et une ville indiqu\u00e9e \u00e9galement, Norrk\u00f6ping.<\/p>\n\n\n<div class=\"wp-block-image\">\n<figure class=\"alignleft size-large is-resized\"><img loading=\"lazy\" decoding=\"async\" width=\"1024\" height=\"636\" src=\"https:\/\/kuhlmansaga.com\/wp-content\/uploads\/2026\/01\/page-21-c-recto-Norrkoping-1024x636.jpg\" alt=\"Photographie de Norrk\u00f6ping, drottninggatan, la maison des Kuhlman vers 1860. \" class=\"wp-image-283\" style=\"width:350px\" srcset=\"https:\/\/kuhlmansaga.com\/wp-content\/uploads\/2026\/01\/page-21-c-recto-Norrkoping-1024x636.jpg 1024w, https:\/\/kuhlmansaga.com\/wp-content\/uploads\/2026\/01\/page-21-c-recto-Norrkoping-scaled-350x217.jpg 350w, https:\/\/kuhlmansaga.com\/wp-content\/uploads\/2026\/01\/page-21-c-recto-Norrkoping-300x186.jpg 300w, https:\/\/kuhlmansaga.com\/wp-content\/uploads\/2026\/01\/page-21-c-recto-Norrkoping-768x477.jpg 768w, https:\/\/kuhlmansaga.com\/wp-content\/uploads\/2026\/01\/page-21-c-recto-Norrkoping-1536x954.jpg 1536w, https:\/\/kuhlmansaga.com\/wp-content\/uploads\/2026\/01\/page-21-c-recto-Norrkoping-2048x1271.jpg 2048w, https:\/\/kuhlmansaga.com\/wp-content\/uploads\/2026\/01\/page-21-c-recto-Norrkoping-18x12.jpg 18w\" sizes=\"auto, (max-width: 1024px) 100vw, 1024px\" \/><figcaption class=\"wp-element-caption\"><em>Fotografi av Norrk\u00f6ping, Drottninggatan, Kuhlmans hus omkring 1860. F\u00f6rfattarens privata samling.<\/em><\/figcaption><\/figure>\n<\/div>\n\n\n<p class=\"has-text-align-center\"><\/p>\n\n\n\n<p>Il y a une vingtaine d&rsquo;ann\u00e9es environ, je pris le temps de mettre un d\u00e9but d&rsquo;arbre g\u00e9n\u00e9alogique sur un site internet plut\u00f4t en vogue dans les pays Scandinaves, comme on jette une premi\u00e8re bouteille \u00e0 la mer. Et au mois de juillet 2009, j&rsquo;eu la chance d&rsquo;\u00eatre contact\u00e9 par un lointain cousin, Dag Lundqvist, qui descendait d&rsquo;une des s\u0153urs de la premi\u00e8re \u00e9pouse de Josef. Ce contact fut une avanc\u00e9e majeure. Nous avons commenc\u00e9 \u00e0 \u00e9changer des documents et surtout faire des recherches ensemble. Je pus l&rsquo;alimenter de photographies \u00e9galement car ces documents pr\u00e9cieux faisaient partie de ce que j&rsquo;ai appel\u00e9 plus tard \u00ab\u00a0l&rsquo;Album de Sigurd\u00a0\u00bb. Il retrouva aussi des photos de Sigurd et de sa famille, certainement \u00e9chang\u00e9es lors d&rsquo;une visite en Su\u00e8de et certaines \u00e9taient annot\u00e9es en fran\u00e7ais ou en Su\u00e9dois.<\/p>\n\n\n\n<p>La tr\u00e8s grande majorit\u00e9 des documents pr\u00e9sent\u00e9s dans ce site internet fait maintenant partie des archives familiales que j&rsquo;ai petit \u00e0 petit reconstitu\u00e9es, hormis les pi\u00e8ces issues des archives Su\u00e9doises bien entendu. Il s&rsquo;agit du fruit de pr\u00e8s de trente ans de recherches et encore aujourd&rsquo;hui j&rsquo;arrive \u00e0 trouver des pi\u00e8ces de ce puzzle historique.<\/p>\n\n\n\n<p>Me pencher sur ces racines Su\u00e9doises fut aussi une th\u00e9rapie personnelle. Il y avait donc bien une vie avant l&rsquo;Alg\u00e9rie comme il y en eut une apr\u00e8s&#8230;<\/p>\n\n\n\n<p>Etienne Laude, januari 2026.<\/p>","protected":false},"excerpt":{"rendered":"<p>Je m&rsquo;appelle Etienne Laude, je suis n\u00e9 en France en juillet 1965 et l&rsquo;histoire ou les histoires plut\u00f4t, vu la richesse de ces aventures que je vais raconter, s&rsquo;\u00e9talent sur pr\u00e8s de quatre si\u00e8cles. \u00ab C\u2019est tout \u00e0 fait normal que tu choisisses cette voie, Etienne, n\u2019oublie pas que tu es un Kuhlman \u00bb, me &hellip; <a href=\"https:\/\/kuhlmansaga.com\/sv\/lauteur\/\" class=\"more-link\">Forts\u00e4tt l\u00e4sa <span class=\"screen-reader-text\">F\u00f6rfattaren<\/span><\/a><\/p>","protected":false},"author":1,"featured_media":0,"parent":0,"menu_order":0,"comment_status":"closed","ping_status":"closed","template":"","meta":{"om_disable_all_campaigns":false,"_uag_custom_page_level_css":"","_monsterinsights_skip_tracking":false,"_monsterinsights_sitenote_active":false,"_monsterinsights_sitenote_note":"","_monsterinsights_sitenote_category":0,"footnotes":""},"class_list":["post-278","page","type-page","status-publish","hentry"],"aioseo_notices":[],"_hostinger_reach_plugin_has_subscription_block":false,"_hostinger_reach_plugin_is_elementor":false,"uagb_featured_image_src":{"full":false,"thumbnail":false,"medium":false,"medium_large":false,"large":false,"1536x1536":false,"2048x2048":false,"trp-custom-language-flag":false,"post-thumbnail":false,"mailpoet_newsletter_max":false,"woocommerce_thumbnail":false,"woocommerce_single":false,"woocommerce_gallery_thumbnail":false},"uagb_author_info":{"display_name":"etienne.laude@yahoo.fr","author_link":"https:\/\/kuhlmansaga.com\/sv\/author\/etienne-laudeyahoo-fr\/"},"uagb_comment_info":0,"uagb_excerpt":"Je m&rsquo;appelle Etienne Laude, je suis n\u00e9 en France en juillet 1965 et l&rsquo;histoire ou les histoires plut\u00f4t, vu la richesse de ces aventures que je vais raconter, s&rsquo;\u00e9talent sur pr\u00e8s de quatre si\u00e8cles. \u00ab C\u2019est tout \u00e0 fait normal que tu choisisses cette voie, Etienne, n\u2019oublie pas que tu es un Kuhlman \u00bb, me&hellip;","_links":{"self":[{"href":"https:\/\/kuhlmansaga.com\/sv\/wp-json\/wp\/v2\/pages\/278","targetHints":{"allow":["GET"]}}],"collection":[{"href":"https:\/\/kuhlmansaga.com\/sv\/wp-json\/wp\/v2\/pages"}],"about":[{"href":"https:\/\/kuhlmansaga.com\/sv\/wp-json\/wp\/v2\/types\/page"}],"author":[{"embeddable":true,"href":"https:\/\/kuhlmansaga.com\/sv\/wp-json\/wp\/v2\/users\/1"}],"replies":[{"embeddable":true,"href":"https:\/\/kuhlmansaga.com\/sv\/wp-json\/wp\/v2\/comments?post=278"}],"version-history":[{"count":14,"href":"https:\/\/kuhlmansaga.com\/sv\/wp-json\/wp\/v2\/pages\/278\/revisions"}],"predecessor-version":[{"id":1155,"href":"https:\/\/kuhlmansaga.com\/sv\/wp-json\/wp\/v2\/pages\/278\/revisions\/1155"}],"wp:attachment":[{"href":"https:\/\/kuhlmansaga.com\/sv\/wp-json\/wp\/v2\/media?parent=278"}],"curies":[{"name":"wp","href":"https:\/\/api.w.org\/{rel}","templated":true}]}}