{"id":358,"date":"2026-01-11T12:42:14","date_gmt":"2026-01-11T12:42:14","guid":{"rendered":"https:\/\/kuhlmansaga.com\/?page_id=358"},"modified":"2026-03-18T08:16:11","modified_gmt":"2026-03-18T08:16:11","slug":"page-des-articles","status":"publish","type":"page","link":"https:\/\/kuhlmansaga.com\/sv\/page-des-articles\/","title":{"rendered":"Arkiv \u2013 hitta en artikel"},"content":{"rendered":"<p>P\u00e5 den h\u00e4r sidan kan du enkelt s\u00f6ka efter en artikel. Skriv ditt s\u00f6kord f\u00f6r att hitta motsvarande artiklar. Du kan ocks\u00e5 s\u00f6ka efter kategori (period) eller efter publiceringsm\u00e5nad.<\/p>\n\n\n\n<p>L\u00e4mna g\u00e4rna en kommentar eller prenumerera!<\/p>\n\n\n\n<figure class=\"wp-block-table is-style-regular has-small-font-size\"><table class=\"has-fixed-layout\"><tbody><tr><td>Articles publi\u00e9s<\/td><td>73<\/td><\/tr><tr><td>Visiteurs<\/td><td><span class='visitors'>4016<\/span><\/td><\/tr><tr><td>Nombre de pages lues<\/td><td><span class='page-views'>6780<\/span><\/td><\/tr><tr><td>Abonn\u00e9s<\/td><td>24<\/td><\/tr><tr><td>Commentaires<\/td><td>4<\/td><\/tr><\/tbody><\/table><\/figure>\n\n\n<form role=\"search\" method=\"get\" action=\"https:\/\/kuhlmansaga.com\/sv\/\" class=\"wp-block-search__button-outside wp-block-search__text-button wp-block-search\" data-trp-original-action=\"https:\/\/kuhlmansaga.com\/sv\/\"    ><label class=\"wp-block-search__label\" for=\"wp-block-search__input-1\" >Att unders\u00f6ka<\/label><div class=\"wp-block-search__inside-wrapper\" ><input class=\"wp-block-search__input\" id=\"wp-block-search__input-1\" placeholder=\"S\u00f6k efter nyckelord\" value=\"\" type=\"search\" name=\"s\" required \/><button aria-label=\"Att unders\u00f6ka\" class=\"wp-block-search__button wp-element-button\" type=\"submit\" >Att unders\u00f6ka<\/button><\/div><input type=\"hidden\" name=\"trp-form-language\" value=\"sv\"\/><\/form>\n\n\n<hr class=\"wp-block-separator has-alpha-channel-opacity\"\/>\n\n\n\n<h6 class=\"wp-block-heading\">Derniers articles de la semaine<\/h6>\n\n\n\n<div class=\"wp-block-columns is-layout-flex wp-container-core-columns-is-layout-9d6595d7 wp-block-columns-is-layout-flex\">\n<div class=\"wp-block-column is-layout-flow wp-block-column-is-layout-flow\"><ul class=\"wp-block-latest-posts__list wp-block-latest-posts\"><li><a class=\"wp-block-latest-posts__post-title\" href=\"https:\/\/kuhlmansaga.com\/sv\/lhomme-de-kenitra\/\">Mannen fr\u00e5n Kenitra<\/a><div class=\"wp-block-latest-posts__post-excerpt\">A tous mes amis du Maroc&#8230; Aujourd&rsquo;hui je vais \u00e9voquer le Maroc et &hellip; <a href=\"https:\/\/kuhlmansaga.com\/sv\/lhomme-de-kenitra\/\" class=\"more-link\">Forts\u00e4tt l\u00e4sa <span class=\"screen-reader-text\">Mannen fr\u00e5n Kenitra<\/span><\/a><\/div><\/li>\n<li><a class=\"wp-block-latest-posts__post-title\" href=\"https:\/\/kuhlmansaga.com\/sv\/le-colonel-bohm\/\">\u00d6verste Bohm<\/a><div class=\"wp-block-latest-posts__post-excerpt\">Dans un pr\u00e9c\u00e9dent article, j&rsquo;ai \u00e9voqu\u00e9 le personnage du colonel Bohm, beau-fr\u00e8re de &hellip; <a href=\"https:\/\/kuhlmansaga.com\/sv\/le-colonel-bohm\/\" class=\"more-link\">Forts\u00e4tt l\u00e4sa <span class=\"screen-reader-text\">\u00d6verste Bohm<\/span><\/a><\/div><\/li>\n<li><a class=\"wp-block-latest-posts__post-title\" href=\"https:\/\/kuhlmansaga.com\/sv\/linauguration-des-tunnels-dhydra\/\">Invigningen av Hydrarstunnlarna.<\/a><div class=\"wp-block-latest-posts__post-excerpt\">Le vendredi 29 septembre 1848, le Gouverneur-g\u00e9n\u00e9ral Viala Charon (1), accompagn\u00e9 de M. &hellip; <a href=\"https:\/\/kuhlmansaga.com\/sv\/linauguration-des-tunnels-dhydra\/\" class=\"more-link\">Forts\u00e4tt l\u00e4sa <span class=\"screen-reader-text\">Invigningen av Hydrarstunnlarna.<\/span><\/a><\/div><\/li>\n<li><a class=\"wp-block-latest-posts__post-title\" href=\"https:\/\/kuhlmansaga.com\/sv\/la-defense-de-norrkoping-a-lepoque-moderne-xviie-xixe-siecles-4-5\/\">Norrk\u00f6pings f\u00f6rsvar i modern tid (1600-\u20131800-talen) \u2013 (4\/5)<\/a><div class=\"wp-block-latest-posts__post-excerpt\">Les corps militaires bourgeois (Borgerliga milit\u00e4rk\u00e5rer) 1. Les trois divisions du corps bourgeois &hellip; <a href=\"https:\/\/kuhlmansaga.com\/sv\/la-defense-de-norrkoping-a-lepoque-moderne-xviie-xixe-siecles-4-5\/\" class=\"more-link\">Forts\u00e4tt l\u00e4sa <span class=\"screen-reader-text\">Norrk\u00f6pings f\u00f6rsvar i modern tid (1600-\u20131800-talen) \u2013 (4\/5)<\/span><\/a><\/div><\/li>\n<li><a class=\"wp-block-latest-posts__post-title\" href=\"https:\/\/kuhlmansaga.com\/sv\/le-maitre-de-haga\/\">M\u00e4staren i Haga<\/a><div class=\"wp-block-latest-posts__post-excerpt\">L&rsquo;Enigme Vegult, un myst\u00e8re encore non \u00e9lucid\u00e9&#8230; Avec cet article j&rsquo;entame la r\u00e9daction &hellip; <a href=\"https:\/\/kuhlmansaga.com\/sv\/le-maitre-de-haga\/\" class=\"more-link\">Forts\u00e4tt l\u00e4sa <span class=\"screen-reader-text\">M\u00e4staren i Haga<\/span><\/a><\/div><\/li>\n<\/ul><\/div>\n\n\n\n<div class=\"wp-block-column is-layout-flow wp-block-column-is-layout-flow\"><ul class=\"wp-block-categories-list wp-block-categories\">\t<li class=\"cat-item cat-item-32\"><a href=\"https:\/\/kuhlmansaga.com\/sv\/category\/algerie\/\">Alg\u00e9rie<\/a>\n<\/li>\n\t<li class=\"cat-item cat-item-29\"><a href=\"https:\/\/kuhlmansaga.com\/sv\/category\/au-service-de-sa-majeste\/\">I Hans Majest\u00e4ts tj\u00e4nst<\/a>\n<\/li>\n\t<li class=\"cat-item cat-item-33\"><a href=\"https:\/\/kuhlmansaga.com\/sv\/category\/enigme\/\">G\u00e5ta<\/a>\n<\/li>\n\t<li class=\"cat-item cat-item-35\"><a href=\"https:\/\/kuhlmansaga.com\/sv\/category\/lingrie\/\">Ingermanland<\/a>\n<\/li>\n\t<li class=\"cat-item cat-item-27\"><a href=\"https:\/\/kuhlmansaga.com\/sv\/category\/la-suede-gustavienne\/\">Det gustavianska Sverige<\/a>\n<\/li>\n\t<li class=\"cat-item cat-item-45\"><a href=\"https:\/\/kuhlmansaga.com\/sv\/category\/le-cercle-de-johan\/\">Johans krets<\/a>\n<\/li>\n\t<li class=\"cat-item cat-item-30\"><a href=\"https:\/\/kuhlmansaga.com\/sv\/category\/lieux\/\">Platser<\/a>\n<\/li>\n\t<li class=\"cat-item cat-item-1\"><a href=\"https:\/\/kuhlmansaga.com\/sv\/category\/maroc\/\">Maroc<\/a>\n<\/li>\n\t<li class=\"cat-item cat-item-31\"><a href=\"https:\/\/kuhlmansaga.com\/sv\/category\/norrkoping\/\">Norrk\u00f6ping<\/a>\n<\/li>\n\t<li class=\"cat-item cat-item-28\"><a href=\"https:\/\/kuhlmansaga.com\/sv\/category\/personnages\/\">Tecken<\/a>\n<\/li>\n\t<li class=\"cat-item cat-item-49\"><a href=\"https:\/\/kuhlmansaga.com\/sv\/category\/vegult\/\">Vegult<\/a>\n<\/li>\n<\/ul><\/div>\n<\/div>\n\n\n\n<hr class=\"wp-block-separator has-alpha-channel-opacity\"\/>\n\n\n<ul class=\"wp-block-archives-list wp-block-archives\">\t<li><a href='https:\/\/kuhlmansaga.com\/sv\/2026\/04\/'>april 2026<\/a><\/li>\n\t<li><a href='https:\/\/kuhlmansaga.com\/sv\/2026\/03\/'>mars 2026<\/a><\/li>\n\t<li><a href='https:\/\/kuhlmansaga.com\/sv\/2026\/02\/'>februari 2026<\/a><\/li>\n\t<li><a href='https:\/\/kuhlmansaga.com\/sv\/2026\/01\/'>januari 2026<\/a><\/li>\n<\/ul>","protected":false},"excerpt":{"rendered":"<p>Sur cette page vous allez pouvoir facilement rechercher un article. Taper votre mot cl\u00e9 pour retrouver les articles correspondants. Vous avez aussi la possibilit\u00e9 de rechercher par cat\u00e9gorie (p\u00e9riode) ou encore par mois de publication. N&rsquo;h\u00e9sitez pas \u00e0 laisser un commentaire ou \u00e0 vous abonner ! Articles publi\u00e9s Visiteurs Nombre de pages lues Abonn\u00e9s Commentaires &hellip; <a href=\"https:\/\/kuhlmansaga.com\/sv\/page-des-articles\/\" class=\"more-link\">Forts\u00e4tt l\u00e4sa <span class=\"screen-reader-text\">Arkiv \u2013 hitta en artikel<\/span><\/a><\/p>","protected":false},"author":1,"featured_media":0,"parent":0,"menu_order":0,"comment_status":"closed","ping_status":"closed","template":"","meta":{"om_disable_all_campaigns":false,"_uag_custom_page_level_css":"","_monsterinsights_skip_tracking":false,"_monsterinsights_sitenote_active":false,"_monsterinsights_sitenote_note":"","_monsterinsights_sitenote_category":0,"footnotes":""},"class_list":["post-358","page","type-page","status-publish","hentry"],"aioseo_notices":[],"_hostinger_reach_plugin_has_subscription_block":false,"_hostinger_reach_plugin_is_elementor":false,"uagb_featured_image_src":{"full":false,"thumbnail":false,"medium":false,"medium_large":false,"large":false,"1536x1536":false,"2048x2048":false,"trp-custom-language-flag":false,"post-thumbnail":false,"mailpoet_newsletter_max":false,"woocommerce_thumbnail":false,"woocommerce_single":false,"woocommerce_gallery_thumbnail":false},"uagb_author_info":{"display_name":"etienne.laude@yahoo.fr","author_link":"https:\/\/kuhlmansaga.com\/sv\/author\/etienne-laudeyahoo-fr\/"},"uagb_comment_info":0,"uagb_excerpt":"Sur cette page vous allez pouvoir facilement rechercher un article. Taper votre mot cl\u00e9 pour retrouver les articles correspondants. Vous avez aussi la possibilit\u00e9 de rechercher par cat\u00e9gorie (p\u00e9riode) ou encore par mois de publication. N&rsquo;h\u00e9sitez pas \u00e0 laisser un commentaire ou \u00e0 vous abonner ! Articles publi\u00e9s Visiteurs Nombre de pages lues Abonn\u00e9s Commentaires&hellip;","_links":{"self":[{"href":"https:\/\/kuhlmansaga.com\/sv\/wp-json\/wp\/v2\/pages\/358","targetHints":{"allow":["GET"]}}],"collection":[{"href":"https:\/\/kuhlmansaga.com\/sv\/wp-json\/wp\/v2\/pages"}],"about":[{"href":"https:\/\/kuhlmansaga.com\/sv\/wp-json\/wp\/v2\/types\/page"}],"author":[{"embeddable":true,"href":"https:\/\/kuhlmansaga.com\/sv\/wp-json\/wp\/v2\/users\/1"}],"replies":[{"embeddable":true,"href":"https:\/\/kuhlmansaga.com\/sv\/wp-json\/wp\/v2\/comments?post=358"}],"version-history":[{"count":39,"href":"https:\/\/kuhlmansaga.com\/sv\/wp-json\/wp\/v2\/pages\/358\/revisions"}],"predecessor-version":[{"id":2406,"href":"https:\/\/kuhlmansaga.com\/sv\/wp-json\/wp\/v2\/pages\/358\/revisions\/2406"}],"wp:attachment":[{"href":"https:\/\/kuhlmansaga.com\/sv\/wp-json\/wp\/v2\/media?parent=358"}],"curies":[{"name":"wp","href":"https:\/\/api.w.org\/{rel}","templated":true}]}}