{"id":371,"date":"2026-01-11T13:49:03","date_gmt":"2026-01-11T13:49:03","guid":{"rendered":"https:\/\/kuhlmansaga.com\/?page_id=371"},"modified":"2026-01-16T11:28:22","modified_gmt":"2026-01-16T11:28:22","slug":"norrkoping","status":"publish","type":"page","link":"https:\/\/kuhlmansaga.com\/sv\/norrkoping\/","title":{"rendered":"Norrk\u00f6ping (1719-1770)"},"content":{"rendered":"<p>Norrk\u00f6ping \u00e4r en stad i \u00d6sterg\u00f6tland vars utveckling \u00e4r n\u00e4ra kopplad till Motala str\u00f6m (vattenkraft) och dess utlopp i \u00d6stersj\u00f6n via Br\u00e5viken, vilket tidigt fr\u00e4mjade etableringen av industri- och handelsverksamhet. <\/p>\n\n\n<div class=\"wp-block-image\">\n<figure class=\"aligncenter size-full\"><img loading=\"lazy\" decoding=\"async\" width=\"673\" height=\"352\" src=\"https:\/\/kuhlmansaga.com\/wp-content\/uploads\/2026\/01\/norrkoping-a-la-fin-du-XVIIe-siecle.png\" alt=\"Norrk\u00f6ping \u00e0 la fin du XVIIe et le chateau de Johannisborg\" class=\"wp-image-536\" srcset=\"https:\/\/kuhlmansaga.com\/wp-content\/uploads\/2026\/01\/norrkoping-a-la-fin-du-XVIIe-siecle.png 673w, https:\/\/kuhlmansaga.com\/wp-content\/uploads\/2026\/01\/norrkoping-a-la-fin-du-XVIIe-siecle-350x183.png 350w, https:\/\/kuhlmansaga.com\/wp-content\/uploads\/2026\/01\/norrkoping-a-la-fin-du-XVIIe-siecle-300x157.png 300w, https:\/\/kuhlmansaga.com\/wp-content\/uploads\/2026\/01\/norrkoping-a-la-fin-du-XVIIe-siecle-18x9.png 18w, https:\/\/kuhlmansaga.com\/wp-content\/uploads\/2026\/01\/norrkoping-a-la-fin-du-XVIIe-siecle-500x262.png 500w\" sizes=\"auto, (max-width: 673px) 100vw, 673px\" \/><figcaption class=\"wp-element-caption\">Staden i slutet av 1600-talet, med slottet Johannisborg i centrum, som f\u00f6rst\u00f6rdes 1719.<\/figcaption><\/figure>\n<\/div>\n\n\n<p>Efter en f\u00f6rsta tillv\u00e4xtfas under 1600-talet drabbades staden av en stor chock under det stora nordiska kriget: sommaren 1719, inom ramen f\u00f6r ryssh\u00e4rjningarna (ryska r\u00e4der l\u00e4ngs den svenska \u00f6stkusten), syftade den operation som leddes av gal\u00e4rflottan till att \u201df\u00f6rst\u00f6ra och br\u00e4nna s\u00e5 mycket som m\u00f6jligt\u201d f\u00f6r att s\u00e4tta press p\u00e5 den svenska regeringen under fredsf\u00f6rhandlingarna. Norrk\u00f6ping n\u00e4mns uttryckligen som en av de drabbade st\u00e4derna och i denna ber\u00e4ttelse framst\u00e5r dess f\u00f6rst\u00f6relse som en h\u00f6jdpunkt i f\u00e4ltt\u00e5get innan flottan sedan seglade vidare norrut. Konsekvenserna var de som f\u00f6ljer av en krigsbrand: byggnader, f\u00f6rr\u00e5d och lokal infrastruktur f\u00f6rst\u00f6rdes, och episoden ing\u00e5r i en st\u00f6rre sammanst\u00e4llning av st\u00e4der och tusentals g\u00e5rdar som f\u00f6rst\u00f6rdes l\u00e4ngs kusten.<\/p>\n\n\n<div class=\"wp-block-image\">\n<figure class=\"alignleft size-full is-resized\"><img loading=\"lazy\" decoding=\"async\" width=\"405\" height=\"424\" src=\"https:\/\/kuhlmansaga.com\/wp-content\/uploads\/2026\/01\/les-galeres-russe.png\" alt=\"Les \u00ab\u00a0gal\u00e8res\u00a0\u00bb de l\u2019Amiral Fyodor Apraksin\" class=\"wp-image-539\" style=\"width:180px\" srcset=\"https:\/\/kuhlmansaga.com\/wp-content\/uploads\/2026\/01\/les-galeres-russe.png 405w, https:\/\/kuhlmansaga.com\/wp-content\/uploads\/2026\/01\/les-galeres-russe-350x366.png 350w, https:\/\/kuhlmansaga.com\/wp-content\/uploads\/2026\/01\/les-galeres-russe-287x300.png 287w, https:\/\/kuhlmansaga.com\/wp-content\/uploads\/2026\/01\/les-galeres-russe-11x12.png 11w\" sizes=\"auto, (max-width: 405px) 100vw, 405px\" \/><figcaption class=\"wp-element-caption\">Amiral Fjodor Apraksins \u201dgal\u00e4rer\u201d. <\/figcaption><\/figure>\n<\/div>\n\n\n<p>Under 1700-talet \u00e5teruppbyggdes staden och verksamheten startade om: industrierna \u00e5terh\u00e4mtade sig, s\u00e4rskilt genom etableringen och sedan uppsvinget i mitten av seklet av verksamheter som snus och sockerraffinaderier under 1740-talet, och flera viktiga stadsbyggnader h\u00e4rr\u00f6r fr\u00e5n denna \u00e5teruppbyggnadsfas. F\u00f6rst\u00f6relsen 1719 satte inte en varaktig punkt f\u00f6r Norrk\u00f6pings roll som stad, men orsakade ett brutalt avbrott, f\u00f6ljt av en omorganisation och \u00e5teruppbyggnad som gjorde det m\u00f6jligt f\u00f6r den ekonomiska och urbana strukturen att \u00e5teruppbyggas under loppet av seklet.<\/p>\n\n\n\n<figure class=\"wp-block-image size-full\"><img loading=\"lazy\" decoding=\"async\" width=\"926\" height=\"649\" src=\"https:\/\/kuhlmansaga.com\/wp-content\/uploads\/2026\/01\/norrkoping-brule-1719.png\" alt=\"\u00ab Le village br\u00fble \u00bb, peinture de 1862 de Franciszek Kostrzewski.\" class=\"wp-image-542\" srcset=\"https:\/\/kuhlmansaga.com\/wp-content\/uploads\/2026\/01\/norrkoping-brule-1719.png 926w, https:\/\/kuhlmansaga.com\/wp-content\/uploads\/2026\/01\/norrkoping-brule-1719-350x245.png 350w, https:\/\/kuhlmansaga.com\/wp-content\/uploads\/2026\/01\/norrkoping-brule-1719-300x210.png 300w, https:\/\/kuhlmansaga.com\/wp-content\/uploads\/2026\/01\/norrkoping-brule-1719-768x538.png 768w, https:\/\/kuhlmansaga.com\/wp-content\/uploads\/2026\/01\/norrkoping-brule-1719-18x12.png 18w, https:\/\/kuhlmansaga.com\/wp-content\/uploads\/2026\/01\/norrkoping-brule-1719-428x300.png 428w\" sizes=\"auto, (max-width: 926px) 100vw, 926px\" \/><figcaption class=\"wp-element-caption\">M\u00e5nga inv\u00e5nare p\u00e5 \u00f6gruppen g\u00f6mde sig i skogen medan ryssarna br\u00e4nde ner deras g\u00e5rdar. \u201dByn brinner\u201d, m\u00e5lning fr\u00e5n 1862 av Franciszek Kostrzewski.<\/figcaption><\/figure>\n\n\n<div class=\"wp-block-image\">\n<figure class=\"alignleft size-large is-resized\"><img loading=\"lazy\" decoding=\"async\" width=\"688\" height=\"1024\" src=\"https:\/\/kuhlmansaga.com\/wp-content\/uploads\/2026\/01\/borgare-Heinrich-688x1024.png\" alt=\"\" class=\"wp-image-547\" style=\"width:200px\" srcset=\"https:\/\/kuhlmansaga.com\/wp-content\/uploads\/2026\/01\/borgare-Heinrich-688x1024.png 688w, https:\/\/kuhlmansaga.com\/wp-content\/uploads\/2026\/01\/borgare-Heinrich-350x521.png 350w, https:\/\/kuhlmansaga.com\/wp-content\/uploads\/2026\/01\/borgare-Heinrich-202x300.png 202w, https:\/\/kuhlmansaga.com\/wp-content\/uploads\/2026\/01\/borgare-Heinrich-768x1143.png 768w, https:\/\/kuhlmansaga.com\/wp-content\/uploads\/2026\/01\/borgare-Heinrich-1032x1536.png 1032w, https:\/\/kuhlmansaga.com\/wp-content\/uploads\/2026\/01\/borgare-Heinrich-8x12.png 8w, https:\/\/kuhlmansaga.com\/wp-content\/uploads\/2026\/01\/borgare-Heinrich.png 1342w\" sizes=\"auto, (max-width: 688px) 100vw, 688px\" \/><figcaption class=\"wp-element-caption\">Utdrag ur Borgare-registret, Norrk\u00f6pings arkiv, 17 november 1726.<\/figcaption><\/figure>\n<\/div>\n\n\n<p>Det var i detta sammanhang som Heinrich Kuhlman (1693\u20131865) bosatte sig i Norrk\u00f6ping och blev borgare, medborgare och k\u00f6pman med handelslicens. Han tog \u00f6ver en annan egendom som tilldelats hans farfar Johan Kuhlman (1600\u20131648). Det var b\u00f6rjan p\u00e5 en ny era f\u00f6r familjen Kuhlman, en era pr\u00e4glad av handelsutveckling och l\u00e5nga resor genom Europa. Det f\u00f6rsta sp\u00e5ret av Heinrich Kuhlman , far till Henric Junior och Johan, farfar till Johan Peter och farfarsfar till Joseph, den blivande generalkonsuln som emigrerade till Alger 1843, \u00e4r fr\u00e5n den 17 november 1726, d\u00e5 han avlade ed i Norrk\u00f6ping och blev borgare, vilket kan \u00f6vers\u00e4ttas med \u201dbourgeois \u201d eller \u201dmedborgare\u201d. P\u00e5 den tiden innebar att bli \u201dborgare\u201d inte bara en s\u00e4rskild status i st\u00e4derna, utan ocks\u00e5 att man fick en licens att ut\u00f6va ett yrke som reglerades av regler och koder. Den 17 november 1726 bosatte sig Heinrich Kuhlman i Norrk\u00f6ping f\u00f6r att ut\u00f6va yrket som k\u00f6pman och handlare.<\/p>\n\n\n\n<p><em>Den 17 november undertecknade r\u00e5dm\u00e4nnen Mathias Wetterberg, David Schr\u00f6der, Petter Mortenson, Henric Kl\u00fcver, Johan Gladhem och Elias Wetterblad protokollet om utf\u00e4rdande av handelsbrev till k\u00f6pm\u00e4nnen Carl Gr\u00f6nvall, Carl Hilcke, Isaac Blosing, Johan \u00c5berg, Lorens Wetterll\u00e9n, Johan Zettr\u00e9n, Claes Dahlgren, Anders Gertson och Henric K\u00fchlman avlade borgarens ed med handen p\u00e5 boken.<\/em><\/p>","protected":false},"excerpt":{"rendered":"<p>Norrk\u00f6ping est une ville de l\u2019\u00d6sterg\u00f6tland dont l\u2019essor est \u00e9troitement li\u00e9 au Motala str\u00f6m (\u00e9nergie hydraulique) et \u00e0 son d\u00e9bouch\u00e9 sur la Baltique via Br\u00e5viken, ce qui favorise tr\u00e8s t\u00f4t l\u2019implantation d\u2019activit\u00e9s industrielles et commerciales. Apr\u00e8s une premi\u00e8re phase de croissance marqu\u00e9e au XVII\u1d49 si\u00e8cle, la ville subit un choc majeur pendant la Grande guerre &hellip; <a href=\"https:\/\/kuhlmansaga.com\/sv\/norrkoping\/\" class=\"more-link\">Forts\u00e4tt l\u00e4sa <span class=\"screen-reader-text\">Norrk\u00f6ping (1719-1770)<\/span><\/a><\/p>","protected":false},"author":1,"featured_media":0,"parent":0,"menu_order":0,"comment_status":"closed","ping_status":"closed","template":"","meta":{"om_disable_all_campaigns":false,"_uag_custom_page_level_css":"","_monsterinsights_skip_tracking":false,"_monsterinsights_sitenote_active":false,"_monsterinsights_sitenote_note":"","_monsterinsights_sitenote_category":0,"footnotes":""},"class_list":["post-371","page","type-page","status-publish","hentry"],"aioseo_notices":[],"_hostinger_reach_plugin_has_subscription_block":false,"_hostinger_reach_plugin_is_elementor":false,"uagb_featured_image_src":{"full":false,"thumbnail":false,"medium":false,"medium_large":false,"large":false,"1536x1536":false,"2048x2048":false,"trp-custom-language-flag":false,"post-thumbnail":false,"mailpoet_newsletter_max":false,"woocommerce_thumbnail":false,"woocommerce_single":false,"woocommerce_gallery_thumbnail":false},"uagb_author_info":{"display_name":"etienne.laude@yahoo.fr","author_link":"https:\/\/kuhlmansaga.com\/sv\/author\/etienne-laudeyahoo-fr\/"},"uagb_comment_info":0,"uagb_excerpt":"Norrk\u00f6ping est une ville de l\u2019\u00d6sterg\u00f6tland dont l\u2019essor est \u00e9troitement li\u00e9 au Motala str\u00f6m (\u00e9nergie hydraulique) et \u00e0 son d\u00e9bouch\u00e9 sur la Baltique via Br\u00e5viken, ce qui favorise tr\u00e8s t\u00f4t l\u2019implantation d\u2019activit\u00e9s industrielles et commerciales. Apr\u00e8s une premi\u00e8re phase de croissance marqu\u00e9e au XVII\u1d49 si\u00e8cle, la ville subit un choc majeur pendant la Grande guerre&hellip;","_links":{"self":[{"href":"https:\/\/kuhlmansaga.com\/sv\/wp-json\/wp\/v2\/pages\/371","targetHints":{"allow":["GET"]}}],"collection":[{"href":"https:\/\/kuhlmansaga.com\/sv\/wp-json\/wp\/v2\/pages"}],"about":[{"href":"https:\/\/kuhlmansaga.com\/sv\/wp-json\/wp\/v2\/types\/page"}],"author":[{"embeddable":true,"href":"https:\/\/kuhlmansaga.com\/sv\/wp-json\/wp\/v2\/users\/1"}],"replies":[{"embeddable":true,"href":"https:\/\/kuhlmansaga.com\/sv\/wp-json\/wp\/v2\/comments?post=371"}],"version-history":[{"count":12,"href":"https:\/\/kuhlmansaga.com\/sv\/wp-json\/wp\/v2\/pages\/371\/revisions"}],"predecessor-version":[{"id":553,"href":"https:\/\/kuhlmansaga.com\/sv\/wp-json\/wp\/v2\/pages\/371\/revisions\/553"}],"wp:attachment":[{"href":"https:\/\/kuhlmansaga.com\/sv\/wp-json\/wp\/v2\/media?parent=371"}],"curies":[{"name":"wp","href":"https:\/\/api.w.org\/{rel}","templated":true}]}}