{"id":373,"date":"2026-01-11T13:49:03","date_gmt":"2026-01-11T13:49:03","guid":{"rendered":"https:\/\/kuhlmansaga.com\/?page_id=373"},"modified":"2026-01-16T17:31:29","modified_gmt":"2026-01-16T17:31:29","slug":"la-suede-gustavienne-1750-1810","status":"publish","type":"page","link":"https:\/\/kuhlmansaga.com\/sv\/la-suede-gustavienne-1750-1810\/","title":{"rendered":"Gustavianska Sverige (1770\u20131810)"},"content":{"rendered":"<p>Ursprunget till detta kapitel \u00e4r uppt\u00e4ckten av Johan Kuhlmans (1738\u20131806) g\u00e4stbok. Ett viktigt dokument som \u00f6ppnade d\u00f6rren till m\u00e5nga andra uppt\u00e4ckter, ett dokument som identifierats i Sveriges allm\u00e4nna arkivregister och som finns i arkiven i Norrk\u00f6ping. I en artikel publicerad i tidningen Norrk\u00f6pings Tidningar den 24 oktober 1889 (se vidare) n\u00e4mns detta tydligt:<\/p>\n\n\n\n<p><em>Johan, Henrik Jr:s yngre bror, f\u00f6ddes 1838. Han var k\u00f6pman och medborgare i Norrk\u00f6ping precis som sin far, men var dessutom direkt\u00f6r och f\u00f6rvaltare f\u00f6r den tyska kyrkan Hedvig i Norrk\u00f6ping. Han fick hederstiteln \u201dStyckjunkare\u201d (som kan \u00f6vers\u00e4ttas med sambandsofficer eller adjutant) vid Norrk\u00f6pings medborgares lagliga artilleri. Han \u00e4r ih\u00e5gkommen f\u00f6r sina stora kunskaper i milit\u00e4ra fr\u00e5gor. Under hans ledning fick m\u00e5nga viktiga m\u00e4n utbildning och god tr\u00e4ning. Bland dessa kan n\u00e4mnas Carl Lundmark, blivande medlem av handelsministeriet, Johan Arosenius, grundare av f\u00f6retaget \u201dS\u00f6derberg och Arosenius\u201d, Fredrik Wellenius, chefsrevisor i Norrk\u00f6ping, och Erik Ulrik \u00c5derman, grundare av handelsf\u00f6retaget \u201d\u00c5derman och komp\u201d.<\/em><\/p>\n\n\n\n<p><em>Johan sk\u00f6tte sitt f\u00f6retag och sina plantager i R\u00f6dmossen med stor omsorg. Han var passionerad av litteratur och alla kulturella aktiviteter, s\u00e4rskilt allt som hade med historia och ekonomi att g\u00f6ra. Han blev riddare av Wasaorden 1801. Hans sommarresidens i R\u00f6dmossen var stort och vackert, och familjen Kuhlman betalade mycket skatt. De hade en mindre f\u00f6rm\u00f6genhet i silvermynt och en bil tillverkad i London, som var gr\u00f6n med initialerna J.K. m\u00e5lade p\u00e5 d\u00f6rren och hade kostat 5500 riksdaler. Deras bibliotek inneh\u00f6ll \u00f6ver 1000 antika b\u00f6cker.\u201d<\/em><\/p>\n\n\n\n<p><em>Johan Kuhlman bodde i Norrk\u00f6ping p\u00e5 Drottninggatan 27 och \u00e4gde \u00e4ven en fastighet p\u00e5 landet som hette R\u00f6dmossen. Denna plats l\u00e5g Kuhlman-familjen varmt om hj\u00e4rtat. Han skrev f\u00f6ljande meddelande i g\u00e4stboken p\u00e5 denna fastighet p\u00e5 landet:<\/em><\/p>\n\n\n\n<p><em>\"R\u00f6dmossen, mitt hus, i f\u00f6rsamlingen Qvillinge och i grevskapet Brabo, en fristad i ett gammalt land som aldrig har varit bebott eller ens ockuperat. K\u00f6pt i mars 1790 f\u00f6r drygt 400 riksdaler, tack vare min goda f\u00f6rm\u00f6genhet, best\u00e5ende av dels odlingsbar och eftertraktad mark, dels mark som vunnits p\u00e5 Kronoskatte kommun. Jag har d\u00f6pt denna egendom till Lilla R\u00f6dmossen. Marken fr\u00e5n Kronoskatte gavs till mig av handelsministeriet f\u00f6r att hedra mitt bidrag till mer \u00e4n femton \u00e5rs insatser f\u00f6r att utveckla handeln. Totalt kostade fastigheterna i R\u00f6dmossen (den lilla och den stora) mig minst 4000 riksdaler, inklusive belysning, men exklusive m\u00f6bler och boskap.<\/em><\/p>\n\n\n\n<figure class=\"wp-block-image size-large\"><img loading=\"lazy\" decoding=\"async\" width=\"1024\" height=\"536\" src=\"https:\/\/kuhlmansaga.com\/wp-content\/uploads\/2026\/01\/le-livre-dor-de-rodmossen-2-1024x536.jpg\" alt=\"Le livre d'Or de Johan Kuhlman, archives municipales de Norrk\u00f6ping.\" class=\"wp-image-560\" srcset=\"https:\/\/kuhlmansaga.com\/wp-content\/uploads\/2026\/01\/le-livre-dor-de-rodmossen-2-1024x536.jpg 1024w, https:\/\/kuhlmansaga.com\/wp-content\/uploads\/2026\/01\/le-livre-dor-de-rodmossen-2-350x183.jpg 350w, https:\/\/kuhlmansaga.com\/wp-content\/uploads\/2026\/01\/le-livre-dor-de-rodmossen-2-300x157.jpg 300w, https:\/\/kuhlmansaga.com\/wp-content\/uploads\/2026\/01\/le-livre-dor-de-rodmossen-2-768x402.jpg 768w, https:\/\/kuhlmansaga.com\/wp-content\/uploads\/2026\/01\/le-livre-dor-de-rodmossen-2-18x9.jpg 18w, https:\/\/kuhlmansaga.com\/wp-content\/uploads\/2026\/01\/le-livre-dor-de-rodmossen-2-500x262.jpg 500w, https:\/\/kuhlmansaga.com\/wp-content\/uploads\/2026\/01\/le-livre-dor-de-rodmossen-2.jpg 1355w\" sizes=\"auto, (max-width: 1024px) 100vw, 1024px\" \/><figcaption class=\"wp-element-caption\">Johan Kuhlmans g\u00e4stbok, Norrk\u00f6pings stadsarkiv.<\/figcaption><\/figure>\n\n\n\n<p>Jag beh\u00f6vde allts\u00e5 f\u00e5 tillg\u00e5ng till denna g\u00e4stbok, vilket skedde sommaren 2022. Den rikedom av information som den inneh\u00e5ller, de meddelanden som bes\u00f6karna l\u00e4mnat, ger en tydlig bild av det jag kallat \u201dJohans cirkel\u201d. De avlidna f\u00f6rfattarnas personligheter avsl\u00f6jas genom deras texter och det \u00e4r l\u00e4tt att ana de v\u00e4nskapsband som f\u00f6renade huvudpersonerna. Dessa \u00f6gonblick, avbrutna av tiden, \u00e5terv\u00e4nder till v\u00e5rt minne till v\u00e5r stora gl\u00e4dje. Genom dessa tankar som nedtecknats p\u00e5 papper kan man l\u00e4tt f\u00f6rest\u00e4lla sig utg\u00e5ngspunkten f\u00f6r de samtal som livade upp de l\u00e5nga sommarkv\u00e4llarna i Sverige, trevliga och l\u00e4rorika samtal samt utbyten av id\u00e9er om mer idealistiska \u00e4mnen. Denna minnesbok fungerade som en katalysator f\u00f6r v\u00e4nskapen och stimulerade till en st\u00e4ndig f\u00f6rnyelse av det sociala livet.<\/p>\n\n\n\n<p>Johan k\u00f6pte fastigheten R\u00f6dmossen (det r\u00f6da mossa) 1790, och \u00e4ven om g\u00e4stboken endast t\u00e4cker \u00e5ren fram till hans d\u00f6d 1806, vilket \u00e4r en relativt kort period, \u00e4r inneh\u00e5llet s\u00e5 rikt att det enligt min mening motiverar ett eget kapitel, ett kapitel som jag har gett titeln \u201dGustavianska Sverige\u201d till \u00e4ra f\u00f6r kung Gustav III, en kung som ocks\u00e5 var fransktalande och frankofil.<\/p>\n\n\n<div class=\"wp-block-image\">\n<figure class=\"aligncenter size-full\"><img loading=\"lazy\" decoding=\"async\" width=\"836\" height=\"521\" src=\"https:\/\/kuhlmansaga.com\/wp-content\/uploads\/2026\/01\/pehr-horberg-1792.png\" alt=\"Une des premi\u00e8res pages du livre d'Or de R\u00f6dmossen par le peintre et musicien Pehr Horberg (1746-1816) dat\u00e9e du 12 juin 1792.\" class=\"wp-image-559\" srcset=\"https:\/\/kuhlmansaga.com\/wp-content\/uploads\/2026\/01\/pehr-horberg-1792.png 836w, https:\/\/kuhlmansaga.com\/wp-content\/uploads\/2026\/01\/pehr-horberg-1792-350x218.png 350w, https:\/\/kuhlmansaga.com\/wp-content\/uploads\/2026\/01\/pehr-horberg-1792-300x187.png 300w, https:\/\/kuhlmansaga.com\/wp-content\/uploads\/2026\/01\/pehr-horberg-1792-768x479.png 768w, https:\/\/kuhlmansaga.com\/wp-content\/uploads\/2026\/01\/pehr-horberg-1792-18x12.png 18w, https:\/\/kuhlmansaga.com\/wp-content\/uploads\/2026\/01\/pehr-horberg-1792-481x300.png 481w\" sizes=\"auto, (max-width: 836px) 100vw, 836px\" \/><figcaption class=\"wp-element-caption\">En av de f\u00f6rsta sidorna i R\u00f6dmossens g\u00e4stbok av m\u00e5laren och musikern Pehr Horberg (1746\u20131816), daterad den 12 juni 1792.<\/figcaption><\/figure>\n<\/div>\n\n\n<p>Denna g\u00e4stbok, \u00f6versatt till franska och kompletterad med biografiska anteckningar om de personer som l\u00e4mnat ett meddelande, en kort h\u00e4lsning, en teckning eller ibland till och med en dikt, finns tillg\u00e4nglig p\u00e5 beg\u00e4ran (se rubriken \u201dPublikationer\u201d).<\/p>","protected":false},"excerpt":{"rendered":"<p>A l&rsquo;origine de ce chapitre il y a la d\u00e9couverte du livre d&rsquo;Or de Johan Kuhlman (1738-1806). Un document essentiel et qui a ouvert la porte \u00e0 de multiples autres d\u00e9couvertes, un document identifi\u00e9 dans le registre g\u00e9n\u00e9ral des archives de Su\u00e8de et qui se trouve dans celles de Norrk\u00f6ping. L&rsquo;article de presse publi\u00e9 par &hellip; <a href=\"https:\/\/kuhlmansaga.com\/sv\/la-suede-gustavienne-1750-1810\/\" class=\"more-link\">Forts\u00e4tt l\u00e4sa <span class=\"screen-reader-text\">Gustavianska Sverige (1770\u20131810)<\/span><\/a><\/p>","protected":false},"author":1,"featured_media":0,"parent":0,"menu_order":0,"comment_status":"closed","ping_status":"closed","template":"","meta":{"om_disable_all_campaigns":false,"_uag_custom_page_level_css":"","_monsterinsights_skip_tracking":false,"_monsterinsights_sitenote_active":false,"_monsterinsights_sitenote_note":"","_monsterinsights_sitenote_category":0,"footnotes":""},"class_list":["post-373","page","type-page","status-publish","hentry"],"aioseo_notices":[],"_hostinger_reach_plugin_has_subscription_block":false,"_hostinger_reach_plugin_is_elementor":false,"uagb_featured_image_src":{"full":false,"thumbnail":false,"medium":false,"medium_large":false,"large":false,"1536x1536":false,"2048x2048":false,"trp-custom-language-flag":false,"post-thumbnail":false,"mailpoet_newsletter_max":false,"woocommerce_thumbnail":false,"woocommerce_single":false,"woocommerce_gallery_thumbnail":false},"uagb_author_info":{"display_name":"etienne.laude@yahoo.fr","author_link":"https:\/\/kuhlmansaga.com\/sv\/author\/etienne-laudeyahoo-fr\/"},"uagb_comment_info":0,"uagb_excerpt":"A l&rsquo;origine de ce chapitre il y a la d\u00e9couverte du livre d&rsquo;Or de Johan Kuhlman (1738-1806). Un document essentiel et qui a ouvert la porte \u00e0 de multiples autres d\u00e9couvertes, un document identifi\u00e9 dans le registre g\u00e9n\u00e9ral des archives de Su\u00e8de et qui se trouve dans celles de Norrk\u00f6ping. L&rsquo;article de presse publi\u00e9 par&hellip;","_links":{"self":[{"href":"https:\/\/kuhlmansaga.com\/sv\/wp-json\/wp\/v2\/pages\/373","targetHints":{"allow":["GET"]}}],"collection":[{"href":"https:\/\/kuhlmansaga.com\/sv\/wp-json\/wp\/v2\/pages"}],"about":[{"href":"https:\/\/kuhlmansaga.com\/sv\/wp-json\/wp\/v2\/types\/page"}],"author":[{"embeddable":true,"href":"https:\/\/kuhlmansaga.com\/sv\/wp-json\/wp\/v2\/users\/1"}],"replies":[{"embeddable":true,"href":"https:\/\/kuhlmansaga.com\/sv\/wp-json\/wp\/v2\/comments?post=373"}],"version-history":[{"count":5,"href":"https:\/\/kuhlmansaga.com\/sv\/wp-json\/wp\/v2\/pages\/373\/revisions"}],"predecessor-version":[{"id":561,"href":"https:\/\/kuhlmansaga.com\/sv\/wp-json\/wp\/v2\/pages\/373\/revisions\/561"}],"wp:attachment":[{"href":"https:\/\/kuhlmansaga.com\/sv\/wp-json\/wp\/v2\/media?parent=373"}],"curies":[{"name":"wp","href":"https:\/\/api.w.org\/{rel}","templated":true}]}}