{"id":437,"date":"2026-01-15T18:14:04","date_gmt":"2026-01-15T18:14:04","guid":{"rendered":"https:\/\/kuhlmansaga.com\/?page_id=437"},"modified":"2026-01-15T18:17:43","modified_gmt":"2026-01-15T18:17:43","slug":"le-livre-dor-de-rodmossen","status":"publish","type":"page","link":"https:\/\/kuhlmansaga.com\/sv\/le-livre-dor-de-rodmossen\/","title":{"rendered":"Le Livre d&rsquo;Or de R\u00f6dmossen"},"content":{"rendered":"<p>Johan Kuhlman (1738 \u2013 1806), borgare och handelsman i Norrk\u00f6ping, \u00e4gde en g\u00e5rd vid Drottninggatan med gaveln mot Skolgatan. G\u00e5rden \u00f6delades vid 1822 \u00e5rs stadsbrand.<\/p>\n\n\n\n<p>Johan Kuhlman hade litter\u00e4ra och l\u00e4rda intressen. I \u201dKuhlmanska g\u00e5rden\u201d samlades en krets likasinnade omkring honom \u2013 bland andra ostindiefararen Christoffer Henrik Braad, konstn\u00e4ren Pehr H\u00f6rberg och l\u00e4rdomshistorikern Johan Henrik Lid\u00e9n \u2013 f\u00f6r att under glatt umg\u00e4nge odla gemensamma intressen och diskutera tidens kulturella fr\u00e5gor. P\u00e5 somrarna samlades kretsen ist\u00e4llet p\u00e5 Kuhlmans lantst\u00e4lle R\u00f6dmossen i Kolm\u00e5rden.<\/p>\n\n\n\n<p>I Norrk\u00f6pings stadsarkiv finns en g\u00e4stbok fr\u00e5n sagda R\u00f6dmossen bevarad. D\u00e4r skrev Johan Kuhlmans g\u00e4ster in verser, t\u00e4nkespr\u00e5k och sina autografer. I boken finns \u00e4ven en karta och n\u00e5gra bilder.<\/p>\n\n\n\n<p>En sentida \u00e4ttling till Johan Kuhlman, Etienne Laude, har nu skrivit en text om denna lokal- och kulturhistoriskt intressanta g\u00e4stbok. Boken n\u00e4mns i f\u00f6rbig\u00e5ende i v\u00e5r stadsmonografi \u201dNorrk\u00f6pings historia\u201d, men dess inneh\u00e5ll har aldrig f\u00f6rut gjorts tillg\u00e4ngligt.<\/p>\n\n\n\n<p>Rolf Jonsson<br>Arkivarie F\u00d6 Norrk\u00f6ping<\/p>\n\n\n\n<figure class=\"wp-block-image size-large\"><img loading=\"lazy\" decoding=\"async\" width=\"1024\" height=\"684\" src=\"https:\/\/kuhlmansaga.com\/wp-content\/uploads\/2026\/01\/le-livre-dor-de-rodmossen-1024x684.png\" alt=\"\" class=\"wp-image-440\" srcset=\"https:\/\/kuhlmansaga.com\/wp-content\/uploads\/2026\/01\/le-livre-dor-de-rodmossen-1024x684.png 1024w, https:\/\/kuhlmansaga.com\/wp-content\/uploads\/2026\/01\/le-livre-dor-de-rodmossen-350x234.png 350w, https:\/\/kuhlmansaga.com\/wp-content\/uploads\/2026\/01\/le-livre-dor-de-rodmossen-300x200.png 300w, https:\/\/kuhlmansaga.com\/wp-content\/uploads\/2026\/01\/le-livre-dor-de-rodmossen-768x513.png 768w, https:\/\/kuhlmansaga.com\/wp-content\/uploads\/2026\/01\/le-livre-dor-de-rodmossen-18x12.png 18w, https:\/\/kuhlmansaga.com\/wp-content\/uploads\/2026\/01\/le-livre-dor-de-rodmossen-449x300.png 449w, https:\/\/kuhlmansaga.com\/wp-content\/uploads\/2026\/01\/le-livre-dor-de-rodmossen.png 1225w\" sizes=\"auto, (max-width: 1024px) 100vw, 1024px\" \/><\/figure>\n\n\n\n<p>Denna bok \u00e4r utgiven p\u00e5 f\u00f6rfattarens bekostnad av f\u00f6rlaget \u201dTheBookEdition\u201d, ett franskt f\u00f6rlag med s\u00e4te i Hallennes-lez-Haubourdin n\u00e4ra Lille i Frankrike.<\/p>\n\n\n\n<div class=\"wp-block-buttons is-layout-flex wp-block-buttons-is-layout-flex\">\n<div class=\"wp-block-button is-style-fill\"><a class=\"wp-block-button__link has-black-color has-white-background-color has-text-color has-background has-link-color wp-element-button\" href=\"https:\/\/www.thebookedition.com\/fr\/module\/books\/viewdetails?id_book=313274\">Best\u00e4ll<\/a><\/div>\n<\/div>","protected":false},"excerpt":{"rendered":"<p>Johan Kuhlman (1738 &#8211; 1806), Citoyen et marchand de Norrk\u00f6ping, poss\u00e9dait une propri\u00e9t\u00e9 sur Drottninggatan avec un pignon donnant sur Skolgatan. La ferme a \u00e9t\u00e9 d\u00e9truite lors de l&rsquo;incendie de la ville en 1822. Johan Kuhlman s&rsquo;int\u00e9ressait \u00e0 la litt\u00e9rature et \u00e0 l&rsquo;\u00e9rudition. Dans la \u00ab Kuhlmanska g\u00e5rden \u00bb, un cercle de personnes partageant les &hellip; <a href=\"https:\/\/kuhlmansaga.com\/sv\/le-livre-dor-de-rodmossen\/\" class=\"more-link\">Forts\u00e4tt l\u00e4sa <span class=\"screen-reader-text\">Le Livre d&rsquo;Or de R\u00f6dmossen<\/span><\/a><\/p>","protected":false},"author":1,"featured_media":0,"parent":0,"menu_order":0,"comment_status":"closed","ping_status":"closed","template":"","meta":{"om_disable_all_campaigns":false,"_uag_custom_page_level_css":"","_monsterinsights_skip_tracking":false,"_monsterinsights_sitenote_active":false,"_monsterinsights_sitenote_note":"","_monsterinsights_sitenote_category":0,"footnotes":""},"class_list":["post-437","page","type-page","status-publish","hentry"],"aioseo_notices":[],"_hostinger_reach_plugin_has_subscription_block":false,"_hostinger_reach_plugin_is_elementor":false,"uagb_featured_image_src":{"full":false,"thumbnail":false,"medium":false,"medium_large":false,"large":false,"1536x1536":false,"2048x2048":false,"trp-custom-language-flag":false,"post-thumbnail":false,"mailpoet_newsletter_max":false,"woocommerce_thumbnail":false,"woocommerce_single":false,"woocommerce_gallery_thumbnail":false},"uagb_author_info":{"display_name":"etienne.laude@yahoo.fr","author_link":"https:\/\/kuhlmansaga.com\/sv\/author\/etienne-laudeyahoo-fr\/"},"uagb_comment_info":0,"uagb_excerpt":"Johan Kuhlman (1738 &#8211; 1806), Citoyen et marchand de Norrk\u00f6ping, poss\u00e9dait une propri\u00e9t\u00e9 sur Drottninggatan avec un pignon donnant sur Skolgatan. La ferme a \u00e9t\u00e9 d\u00e9truite lors de l&rsquo;incendie de la ville en 1822. Johan Kuhlman s&rsquo;int\u00e9ressait \u00e0 la litt\u00e9rature et \u00e0 l&rsquo;\u00e9rudition. Dans la \u00ab Kuhlmanska g\u00e5rden \u00bb, un cercle de personnes partageant les&hellip;","_links":{"self":[{"href":"https:\/\/kuhlmansaga.com\/sv\/wp-json\/wp\/v2\/pages\/437","targetHints":{"allow":["GET"]}}],"collection":[{"href":"https:\/\/kuhlmansaga.com\/sv\/wp-json\/wp\/v2\/pages"}],"about":[{"href":"https:\/\/kuhlmansaga.com\/sv\/wp-json\/wp\/v2\/types\/page"}],"author":[{"embeddable":true,"href":"https:\/\/kuhlmansaga.com\/sv\/wp-json\/wp\/v2\/users\/1"}],"replies":[{"embeddable":true,"href":"https:\/\/kuhlmansaga.com\/sv\/wp-json\/wp\/v2\/comments?post=437"}],"version-history":[{"count":7,"href":"https:\/\/kuhlmansaga.com\/sv\/wp-json\/wp\/v2\/pages\/437\/revisions"}],"predecessor-version":[{"id":446,"href":"https:\/\/kuhlmansaga.com\/sv\/wp-json\/wp\/v2\/pages\/437\/revisions\/446"}],"wp:attachment":[{"href":"https:\/\/kuhlmansaga.com\/sv\/wp-json\/wp\/v2\/media?parent=437"}],"curies":[{"name":"wp","href":"https:\/\/api.w.org\/{rel}","templated":true}]}}