{"id":458,"date":"2026-01-15T19:53:08","date_gmt":"2026-01-15T19:53:08","guid":{"rendered":"https:\/\/kuhlmansaga.com\/?page_id=458"},"modified":"2026-01-16T09:57:08","modified_gmt":"2026-01-16T09:57:08","slug":"lingrie-1641-1700","status":"publish","type":"page","link":"https:\/\/kuhlmansaga.com\/sv\/lingrie-1641-1700\/","title":{"rendered":"Ingermanland (1641\u20131700)"},"content":{"rendered":"<p>Under namnet Svenska Ingermanland avses den svenska dominansen \u00f6ver ett omr\u00e5de kring Neva-flodens floddal, mellan Finska viken, Narva, Peipusj\u00f6n och Ladogasj\u00f6n. Denna dominans existerade f\u00f6rst mellan 1583 och 1595, och sedan framf\u00f6r allt mellan 1617 och 1721. Ingermanland hamnade under svensk kontroll 1580, men \u00e5tergick till Ryssland genom freden i Teusina (1595). Det blev \u00e5terigen svenskt efter freden i Stolbovo (1617), som avslutade konflikten och bef\u00e4ste gr\u00e4nsen.<\/p>\n\n\n<div class=\"wp-block-image\">\n<figure class=\"aligncenter size-large\"><img loading=\"lazy\" decoding=\"async\" width=\"1024\" height=\"863\" src=\"https:\/\/kuhlmansaga.com\/wp-content\/uploads\/2026\/01\/Ingermanlandiae_seu_Ingriae_novissima_Tabula_Homann_Heritiers_btv1b8491663f_1-2-1024x863.jpeg\" alt=\"\" class=\"wp-image-520\" srcset=\"https:\/\/kuhlmansaga.com\/wp-content\/uploads\/2026\/01\/Ingermanlandiae_seu_Ingriae_novissima_Tabula_Homann_Heritiers_btv1b8491663f_1-2-1024x863.jpeg 1024w, https:\/\/kuhlmansaga.com\/wp-content\/uploads\/2026\/01\/Ingermanlandiae_seu_Ingriae_novissima_Tabula_Homann_Heritiers_btv1b8491663f_1-2-350x295.jpeg 350w, https:\/\/kuhlmansaga.com\/wp-content\/uploads\/2026\/01\/Ingermanlandiae_seu_Ingriae_novissima_Tabula_Homann_Heritiers_btv1b8491663f_1-2-300x253.jpeg 300w, https:\/\/kuhlmansaga.com\/wp-content\/uploads\/2026\/01\/Ingermanlandiae_seu_Ingriae_novissima_Tabula_Homann_Heritiers_btv1b8491663f_1-2-768x647.jpeg 768w, https:\/\/kuhlmansaga.com\/wp-content\/uploads\/2026\/01\/Ingermanlandiae_seu_Ingriae_novissima_Tabula_Homann_Heritiers_btv1b8491663f_1-2-14x12.jpeg 14w, https:\/\/kuhlmansaga.com\/wp-content\/uploads\/2026\/01\/Ingermanlandiae_seu_Ingriae_novissima_Tabula_Homann_Heritiers_btv1b8491663f_1-2-356x300.jpeg 356w, https:\/\/kuhlmansaga.com\/wp-content\/uploads\/2026\/01\/Ingermanlandiae_seu_Ingriae_novissima_Tabula_Homann_Heritiers_btv1b8491663f_1-2.jpeg 1115w\" sizes=\"auto, (max-width: 1024px) 100vw, 1024px\" \/><figcaption class=\"wp-element-caption\">P\u00e5 denna karta fr\u00e5n 1700-talet kan man se Ingermanland, bel\u00e4get mellan staden Narva till v\u00e4nster och Sankt Petersburg.<\/figcaption><\/figure>\n<\/div>\n\n\n<p>Sveriges intresse framst\u00e4lls som strategiskt och ekonomiskt: att g\u00f6ra Ingermanland till en buffertzon mot ryska attacker (s\u00e4rskilt mot Karelska n\u00e4set) och samtidigt placera den ryska handeln i en situation d\u00e4r den m\u00e5ste passera genom ett omr\u00e5de som kontrolleras av Sverige. Texten anger att Nyen blir ett viktigt handelscentrum och till och med v\u00e4ljs till administrativt centrum 1642, men att staden efter en rysk attack 1656 skadas allvarligt och det administrativa centrumet flyttas till Narva. Ingermanland beskrivs som glest befolkat: en folkr\u00e4kning fr\u00e5n 1664 anger cirka 15 000 inv\u00e5nare. P\u00e5 det religi\u00f6sa planet f\u00f6rs\u00f6kte Sverige inf\u00f6ra lutherdomen, men dessa anstr\u00e4ngningar m\u00f6ttes av fientlighet fr\u00e5n den ortodoxa bondbefolkningen. Incitament (mark, skattel\u00e4ttnader) finns, men lutheranismens spridning beror fr\u00e4mst p\u00e5 inflyttningen av finska kolonister fr\u00e5n Savonien och Karelen, som kommer att bilda den ingriska finska befolkningen. Omr\u00e5det beviljas ocks\u00e5 som feodalegendomar till svenska adelsm\u00e4n och officerare som tar med sig sina lutherska tj\u00e4nare och arbetare. Ingermanland \u00e5terer\u00f6vrades av Ryssland fr\u00e5n 1702 (under det stora nordiska kriget) och \u00f6verl\u00e5telsen formaliserades genom freden i Nystad 1721. Redan 1703 b\u00f6rjade Ryssland bygga Sankt Petersburg vid Neva-flodens mynning, i ett sumpigt omr\u00e5de.<\/p>\n\n\n\n<p>\u00c5r 1641 tilldelades Johan Kuhlman tv\u00e5 egendomar i Ingermanland som tack f\u00f6r sina tj\u00e4nster under trettio\u00e5riga kriget. Utdrag ur drottning Kristinas brev:<\/p>\n\n\n\n<p><em>Stockholm, den 10 augusti 1646<\/em><\/p>\n\n\n\n<p><em>\"Vi, Christina, f\u00f6rklarar h\u00e4rmed att v\u00e5r trogne tj\u00e4nare och \u00f6verstel\u00f6jtnant, den tapre Johan Kuhlman, med stor undergivenhet har tillst\u00e5nd att inst\u00e4lla sig inf\u00f6r oss och riket, eftersom det r\u00f6r sig om v\u00e5rt brev ... daterat Stockholm den 23 oktober 1641, som det h\u00e4nvisas till, adresserat till honom, genom v\u00e5r n\u00e5d och v\u00e5rt samtycke och v\u00e5r kompletterande ratificering, att testamentera tv\u00e5 byar i grevskapet Pemo och Opolie, n\u00e4mligen Ragowitza p\u00e5 nio och en femtondel Obser (1), och Sirgonitza p\u00e5 fyra och tre femtedelar Obser Land , mycket \u00f6dmjukt ombedd att, tillsammans med n\u00e4mnda byar, vi beviljar honom n\u00e5d och ratificerar ovanst\u00e5ende.<\/em><\/p>\n\n\n\n<figure class=\"wp-block-image size-large\"><img loading=\"lazy\" decoding=\"async\" width=\"1024\" height=\"748\" src=\"https:\/\/kuhlmansaga.com\/wp-content\/uploads\/2026\/01\/lettre-1646-reine-christine-1024x748.png\" alt=\"\" class=\"wp-image-527\" srcset=\"https:\/\/kuhlmansaga.com\/wp-content\/uploads\/2026\/01\/lettre-1646-reine-christine-1024x748.png 1024w, https:\/\/kuhlmansaga.com\/wp-content\/uploads\/2026\/01\/lettre-1646-reine-christine-350x256.png 350w, https:\/\/kuhlmansaga.com\/wp-content\/uploads\/2026\/01\/lettre-1646-reine-christine-300x219.png 300w, https:\/\/kuhlmansaga.com\/wp-content\/uploads\/2026\/01\/lettre-1646-reine-christine-768x561.png 768w, https:\/\/kuhlmansaga.com\/wp-content\/uploads\/2026\/01\/lettre-1646-reine-christine-1536x1122.png 1536w, https:\/\/kuhlmansaga.com\/wp-content\/uploads\/2026\/01\/lettre-1646-reine-christine-2048x1496.png 2048w, https:\/\/kuhlmansaga.com\/wp-content\/uploads\/2026\/01\/lettre-1646-reine-christine-16x12.png 16w, https:\/\/kuhlmansaga.com\/wp-content\/uploads\/2026\/01\/lettre-1646-reine-christine-411x300.png 411w\" sizes=\"auto, (max-width: 1024px) 100vw, 1024px\" \/><figcaption class=\"wp-element-caption\">Brev fr\u00e5n Christina, drottning av Sverige, till Johan Kuhlman, d\u00e4r hon beviljar tv\u00e5 egendomar i Ingria, Ragowitza och Sirgonitza i grevskapen Pemo och Opolie, daterat den 10 augusti 1646. Det \u00e4r ett bekr\u00e4ftelsebrev p\u00e5 ett tidigare brev fr\u00e5n 1641.<\/figcaption><\/figure>\n\n\n<div class=\"wp-block-image\">\n<figure class=\"aligncenter size-large\"><img loading=\"lazy\" decoding=\"async\" width=\"1024\" height=\"628\" src=\"https:\/\/kuhlmansaga.com\/wp-content\/uploads\/2026\/01\/ragowista-1024x628.png\" alt=\"\" class=\"wp-image-524\" srcset=\"https:\/\/kuhlmansaga.com\/wp-content\/uploads\/2026\/01\/ragowista-1024x628.png 1024w, https:\/\/kuhlmansaga.com\/wp-content\/uploads\/2026\/01\/ragowista-350x215.png 350w, https:\/\/kuhlmansaga.com\/wp-content\/uploads\/2026\/01\/ragowista-300x184.png 300w, https:\/\/kuhlmansaga.com\/wp-content\/uploads\/2026\/01\/ragowista-768x471.png 768w, https:\/\/kuhlmansaga.com\/wp-content\/uploads\/2026\/01\/ragowista-1536x942.png 1536w, https:\/\/kuhlmansaga.com\/wp-content\/uploads\/2026\/01\/ragowista-2048x1256.png 2048w, https:\/\/kuhlmansaga.com\/wp-content\/uploads\/2026\/01\/ragowista-18x12.png 18w, https:\/\/kuhlmansaga.com\/wp-content\/uploads\/2026\/01\/ragowista-489x300.png 489w\" sizes=\"auto, (max-width: 1024px) 100vw, 1024px\" \/><figcaption class=\"wp-element-caption\">Placeringen av byarna Ragowitza och Sirgonitza p\u00e5 en karta av Jacob Schmidt.<\/figcaption><\/figure>\n<\/div>","protected":false},"excerpt":{"rendered":"<p>Sous le nom d\u2019Ingrie su\u00e9doise (Svenska Ingermanland), on d\u00e9signe la domination su\u00e9doise sur un territoire situ\u00e9 autour du bassin de la Neva, entre le golfe de Finlande, la Narva, le lac Pe\u00efpous et le lac Ladoga. Cette domination existe une premi\u00e8re fois de 1583 \u00e0 1595, puis surtout de 1617 \u00e0 1721. L\u2019Ingrie tombe sous &hellip; <a href=\"https:\/\/kuhlmansaga.com\/sv\/lingrie-1641-1700\/\" class=\"more-link\">Forts\u00e4tt l\u00e4sa <span class=\"screen-reader-text\">Ingermanland (1641\u20131700)<\/span><\/a><\/p>","protected":false},"author":1,"featured_media":0,"parent":0,"menu_order":0,"comment_status":"closed","ping_status":"closed","template":"","meta":{"om_disable_all_campaigns":false,"_uag_custom_page_level_css":"","_monsterinsights_skip_tracking":false,"_monsterinsights_sitenote_active":false,"_monsterinsights_sitenote_note":"","_monsterinsights_sitenote_category":0,"footnotes":""},"class_list":["post-458","page","type-page","status-publish","hentry"],"aioseo_notices":[],"_hostinger_reach_plugin_has_subscription_block":false,"_hostinger_reach_plugin_is_elementor":false,"uagb_featured_image_src":{"full":false,"thumbnail":false,"medium":false,"medium_large":false,"large":false,"1536x1536":false,"2048x2048":false,"trp-custom-language-flag":false,"post-thumbnail":false,"mailpoet_newsletter_max":false,"woocommerce_thumbnail":false,"woocommerce_single":false,"woocommerce_gallery_thumbnail":false},"uagb_author_info":{"display_name":"etienne.laude@yahoo.fr","author_link":"https:\/\/kuhlmansaga.com\/sv\/author\/etienne-laudeyahoo-fr\/"},"uagb_comment_info":0,"uagb_excerpt":"Sous le nom d\u2019Ingrie su\u00e9doise (Svenska Ingermanland), on d\u00e9signe la domination su\u00e9doise sur un territoire situ\u00e9 autour du bassin de la Neva, entre le golfe de Finlande, la Narva, le lac Pe\u00efpous et le lac Ladoga. Cette domination existe une premi\u00e8re fois de 1583 \u00e0 1595, puis surtout de 1617 \u00e0 1721. L\u2019Ingrie tombe sous&hellip;","_links":{"self":[{"href":"https:\/\/kuhlmansaga.com\/sv\/wp-json\/wp\/v2\/pages\/458","targetHints":{"allow":["GET"]}}],"collection":[{"href":"https:\/\/kuhlmansaga.com\/sv\/wp-json\/wp\/v2\/pages"}],"about":[{"href":"https:\/\/kuhlmansaga.com\/sv\/wp-json\/wp\/v2\/types\/page"}],"author":[{"embeddable":true,"href":"https:\/\/kuhlmansaga.com\/sv\/wp-json\/wp\/v2\/users\/1"}],"replies":[{"embeddable":true,"href":"https:\/\/kuhlmansaga.com\/sv\/wp-json\/wp\/v2\/comments?post=458"}],"version-history":[{"count":8,"href":"https:\/\/kuhlmansaga.com\/sv\/wp-json\/wp\/v2\/pages\/458\/revisions"}],"predecessor-version":[{"id":531,"href":"https:\/\/kuhlmansaga.com\/sv\/wp-json\/wp\/v2\/pages\/458\/revisions\/531"}],"wp:attachment":[{"href":"https:\/\/kuhlmansaga.com\/sv\/wp-json\/wp\/v2\/media?parent=458"}],"curies":[{"name":"wp","href":"https:\/\/api.w.org\/{rel}","templated":true}]}}