{"id":585,"date":"2026-01-17T06:42:03","date_gmt":"2026-01-17T06:42:03","guid":{"rendered":"https:\/\/kuhlmansaga.com\/?page_id=585"},"modified":"2026-01-17T06:42:03","modified_gmt":"2026-01-17T06:42:03","slug":"remerciements","status":"publish","type":"page","link":"https:\/\/kuhlmansaga.com\/sv\/remerciements\/","title":{"rendered":"Tack f\u00f6r hj\u00e4lpen"},"content":{"rendered":"<p>\u00c4ven om jag i skrivande stund inte kan f\u00f6rest\u00e4lla mig att jag \u00e4r f\u00e4rdig med min forskning om familjen Kuhlmans historia, eftersom jag fortfarande g\u00f6r nya uppt\u00e4ckter, vill jag varmt tacka f\u00f6ljande personer f\u00f6r deras hj\u00e4lp och st\u00f6d. <\/p>\n\n\n\n<ul class=\"wp-block-list\">\n<li>Herr Dag Lunqvist, min avl\u00e4gsna kusin fr\u00e5n Oslo och direkt \u00e4ttling till Lovisa Amalia Maklin (1806\u20131893), syster till Augusta, Josef Kuhlmans f\u00f6rsta hustru. Vi har nu korresponderat i 16 \u00e5r och delat med oss av v\u00e5ra efterforskningar, fynd och hypoteser.<\/li>\n\n\n\n<li>Rolf Jonsson, arkivchef i Norrk\u00f6ping, f\u00f6r hans hj\u00e4lp, r\u00e5d och lyh\u00f6rdhet.<\/li>\n\n\n\n<li>Fru Karin Borgkvist-Ljung, historiker, paleograf och tidigare forskningschef vid Riksarkivet, f\u00f6r hennes arbete med att transkribera alla gamla dokument och f\u00f6r hennes forskningsr\u00e5dgivning.<\/li>\n\n\n\n<li>Herr Marcin Majewski, professor, direkt\u00f6r f\u00f6r arkeologiprofessuren vid Szczecins universitet i Polen och chef f\u00f6r Stargard-museet, f\u00f6r hans lyssnande och hj\u00e4lp med hela den pomeranska delen av denna ber\u00e4ttelse.<\/li>\n\n\n\n<li>Fru Anna Block Mazoyer, Sveriges ambassad\u00f6r i Algeriet. Hennes uppm\u00e4rksamhet och intresse f\u00f6r \u00e4mnet uppmuntrade mig att slutf\u00f6ra denna webbplats och offentligg\u00f6ra resultaten av all denna forskning.<\/li>\n\n\n\n<li>Generellt sett alla arkivarier fr\u00e5n olika avdelningar inom Sveriges Arkiv. De kontaktades ofta direkt f\u00f6r r\u00e5d, och de svarade alla v\u00e4nligt och hj\u00e4lpte mig i denna s\u00f6kande efter information.<\/li>\n<\/ul>\n\n\n\n<figure class=\"wp-block-image size-large\"><img loading=\"lazy\" decoding=\"async\" width=\"1024\" height=\"633\" src=\"https:\/\/kuhlmansaga.com\/wp-content\/uploads\/2026\/01\/L1000549-1024x633.jpg\" alt=\"\" class=\"wp-image-589\" srcset=\"https:\/\/kuhlmansaga.com\/wp-content\/uploads\/2026\/01\/L1000549-1024x633.jpg 1024w, https:\/\/kuhlmansaga.com\/wp-content\/uploads\/2026\/01\/L1000549-scaled-350x216.jpg 350w, https:\/\/kuhlmansaga.com\/wp-content\/uploads\/2026\/01\/L1000549-300x185.jpg 300w, https:\/\/kuhlmansaga.com\/wp-content\/uploads\/2026\/01\/L1000549-768x475.jpg 768w, https:\/\/kuhlmansaga.com\/wp-content\/uploads\/2026\/01\/L1000549-1536x949.jpg 1536w, https:\/\/kuhlmansaga.com\/wp-content\/uploads\/2026\/01\/L1000549-2048x1265.jpg 2048w, https:\/\/kuhlmansaga.com\/wp-content\/uploads\/2026\/01\/L1000549-18x12.jpg 18w, https:\/\/kuhlmansaga.com\/wp-content\/uploads\/2026\/01\/L1000549-486x300.jpg 486w\" sizes=\"auto, (max-width: 1024px) 100vw, 1024px\" \/><\/figure>","protected":false},"excerpt":{"rendered":"<p>\u00c4ven om jag i skrivande stund inte kan f\u00f6rest\u00e4lla mig att jag \u00e4r f\u00e4rdig med min forskning om familjen Kuhlmans historia, eftersom jag fortfarande g\u00f6r nya uppt\u00e4ckter, vill jag varmt tacka f\u00f6ljande personer f\u00f6r deras hj\u00e4lp och st\u00f6d.<\/p>","protected":false},"author":1,"featured_media":0,"parent":0,"menu_order":0,"comment_status":"closed","ping_status":"closed","template":"","meta":{"om_disable_all_campaigns":false,"_uag_custom_page_level_css":"","_monsterinsights_skip_tracking":false,"_monsterinsights_sitenote_active":false,"_monsterinsights_sitenote_note":"","_monsterinsights_sitenote_category":0,"footnotes":""},"class_list":["post-585","page","type-page","status-publish","hentry"],"aioseo_notices":[],"_hostinger_reach_plugin_has_subscription_block":false,"_hostinger_reach_plugin_is_elementor":false,"uagb_featured_image_src":{"full":false,"thumbnail":false,"medium":false,"medium_large":false,"large":false,"1536x1536":false,"2048x2048":false,"trp-custom-language-flag":false,"post-thumbnail":false,"mailpoet_newsletter_max":false,"woocommerce_thumbnail":false,"woocommerce_single":false,"woocommerce_gallery_thumbnail":false},"uagb_author_info":{"display_name":"etienne.laude@yahoo.fr","author_link":"https:\/\/kuhlmansaga.com\/sv\/author\/etienne-laudeyahoo-fr\/"},"uagb_comment_info":0,"uagb_excerpt":"M\u00eame si \u00e0 l&rsquo;heure o\u00f9 j&rsquo;\u00e9cris ces lignes je n&rsquo;imagine pas avoir termin\u00e9 mes recherches concernant l&rsquo;histoire de la famille Kuhlman, car aujourd&rsquo;hui encore il m&rsquo;arrive de faire des d\u00e9couvertes, je tiens \u00e0 remercier chaleureusement les personnes suivantes pour leur aide et leur support.","_links":{"self":[{"href":"https:\/\/kuhlmansaga.com\/sv\/wp-json\/wp\/v2\/pages\/585","targetHints":{"allow":["GET"]}}],"collection":[{"href":"https:\/\/kuhlmansaga.com\/sv\/wp-json\/wp\/v2\/pages"}],"about":[{"href":"https:\/\/kuhlmansaga.com\/sv\/wp-json\/wp\/v2\/types\/page"}],"author":[{"embeddable":true,"href":"https:\/\/kuhlmansaga.com\/sv\/wp-json\/wp\/v2\/users\/1"}],"replies":[{"embeddable":true,"href":"https:\/\/kuhlmansaga.com\/sv\/wp-json\/wp\/v2\/comments?post=585"}],"version-history":[{"count":5,"href":"https:\/\/kuhlmansaga.com\/sv\/wp-json\/wp\/v2\/pages\/585\/revisions"}],"predecessor-version":[{"id":591,"href":"https:\/\/kuhlmansaga.com\/sv\/wp-json\/wp\/v2\/pages\/585\/revisions\/591"}],"wp:attachment":[{"href":"https:\/\/kuhlmansaga.com\/sv\/wp-json\/wp\/v2\/media?parent=585"}],"curies":[{"name":"wp","href":"https:\/\/api.w.org\/{rel}","templated":true}]}}