{"id":635,"date":"2026-01-17T10:03:01","date_gmt":"2026-01-17T10:03:01","guid":{"rendered":"https:\/\/kuhlmansaga.com\/?page_id=635"},"modified":"2026-01-17T10:08:38","modified_gmt":"2026-01-17T10:08:38","slug":"gertrud-van-sypesteyn","status":"publish","type":"page","link":"https:\/\/kuhlmansaga.com\/sv\/gertrud-van-sypesteyn\/","title":{"rendered":"Gertrud van Sypesteyn"},"content":{"rendered":"<p>I det svenska adelsregistret och alla befintliga dokument som r\u00f6r br\u00f6derna Kuhlman, som adlades av drottning Kristina \u00e5r 1649, stavades Johans hustrus namn \"von Sipstein\". Inget sp\u00e5r av detta namn finns n\u00e5gon annanstans \u00e4n i Sverige, och \u00e4ven d\u00e5 bara i arkiven fr\u00e5n den perioden, utan n\u00e5gra andra exempel. Det finns inga sp\u00e5r av \"von Sipstein\" i n\u00e5gra tidigare eller senare perioder. Arbetet som presenteras h\u00e4r kr\u00e4vde \u00e5ratal av forskning f\u00f6r att sp\u00e5ra Gertrud genom att pussla ihop sparsam information som samlats in h\u00e4r och d\u00e4r, men det var en intuition som slutligen ledde till r\u00e4tt sp\u00e5r. Detta \u00e4r ber\u00e4ttelsen som ber\u00e4ttas f\u00f6r dig av f\u00f6rfattaren, en avl\u00e4gsen \u00e4ttling till Johan och Gertrud.<\/p>\n\n\n<div class=\"wp-block-image\">\n<figure class=\"alignleft size-full is-resized\"><img loading=\"lazy\" decoding=\"async\" width=\"470\" height=\"732\" src=\"https:\/\/kuhlmansaga.com\/wp-content\/uploads\/2026\/01\/gertrud.jpg\" alt=\"\" class=\"wp-image-636\" style=\"width:180px\" srcset=\"https:\/\/kuhlmansaga.com\/wp-content\/uploads\/2026\/01\/gertrud.jpg 470w, https:\/\/kuhlmansaga.com\/wp-content\/uploads\/2026\/01\/gertrud-350x545.jpg 350w, https:\/\/kuhlmansaga.com\/wp-content\/uploads\/2026\/01\/gertrud-193x300.jpg 193w, https:\/\/kuhlmansaga.com\/wp-content\/uploads\/2026\/01\/gertrud-8x12.jpg 8w\" sizes=\"auto, (max-width: 470px) 100vw, 470px\" \/><\/figure>\n<\/div>\n\n<div class=\"wp-block-image\">\n<figure class=\"alignleft size-full is-resized\"><img loading=\"lazy\" decoding=\"async\" width=\"469\" height=\"734\" src=\"https:\/\/kuhlmansaga.com\/wp-content\/uploads\/2026\/01\/gertrud2.jpg\" alt=\"\" class=\"wp-image-637\" style=\"width:180px\" srcset=\"https:\/\/kuhlmansaga.com\/wp-content\/uploads\/2026\/01\/gertrud2.jpg 469w, https:\/\/kuhlmansaga.com\/wp-content\/uploads\/2026\/01\/gertrud2-350x548.jpg 350w, https:\/\/kuhlmansaga.com\/wp-content\/uploads\/2026\/01\/gertrud2-192x300.jpg 192w, https:\/\/kuhlmansaga.com\/wp-content\/uploads\/2026\/01\/gertrud2-8x12.jpg 8w\" sizes=\"auto, (max-width: 469px) 100vw, 469px\" \/><\/figure>\n<\/div>\n\n\n<div class=\"wp-block-buttons is-layout-flex wp-block-buttons-is-layout-flex\">\n<div class=\"wp-block-button\"><a class=\"wp-block-button__link wp-element-button\" href=\"https:\/\/www.thebookedition.com\/fr\/module\/books\/viewdetails?id_book=309691\">Best\u00e4ll<\/a><\/div>\n<\/div>","protected":false},"excerpt":{"rendered":"<p>Dans le registre de la noblesse de Su\u00e8de et tous les documents existants relatifs aux fr\u00e8res Kuhlman, anoblis par la Reine Christine en 1649, le nom de l\u2019\u00e9pouse de Johan \u00e9tait orthographi\u00e9 \u00ab von Sipstein \u00bb. On ne retrouve nulle trace de ce nom ailleurs qu\u2019en Su\u00e8de et encore, uniquement dans les registres de cette &hellip; <a href=\"https:\/\/kuhlmansaga.com\/sv\/gertrud-van-sypesteyn\/\" class=\"more-link\">Forts\u00e4tt l\u00e4sa <span class=\"screen-reader-text\">Gertrud van Sypesteyn<\/span><\/a><\/p>","protected":false},"author":1,"featured_media":0,"parent":0,"menu_order":0,"comment_status":"closed","ping_status":"closed","template":"","meta":{"om_disable_all_campaigns":false,"_uag_custom_page_level_css":"","_monsterinsights_skip_tracking":false,"_monsterinsights_sitenote_active":false,"_monsterinsights_sitenote_note":"","_monsterinsights_sitenote_category":0,"footnotes":""},"class_list":["post-635","page","type-page","status-publish","hentry"],"aioseo_notices":[],"_hostinger_reach_plugin_has_subscription_block":false,"_hostinger_reach_plugin_is_elementor":false,"uagb_featured_image_src":{"full":false,"thumbnail":false,"medium":false,"medium_large":false,"large":false,"1536x1536":false,"2048x2048":false,"trp-custom-language-flag":false,"post-thumbnail":false,"mailpoet_newsletter_max":false,"woocommerce_thumbnail":false,"woocommerce_single":false,"woocommerce_gallery_thumbnail":false},"uagb_author_info":{"display_name":"etienne.laude@yahoo.fr","author_link":"https:\/\/kuhlmansaga.com\/sv\/author\/etienne-laudeyahoo-fr\/"},"uagb_comment_info":0,"uagb_excerpt":"Dans le registre de la noblesse de Su\u00e8de et tous les documents existants relatifs aux fr\u00e8res Kuhlman, anoblis par la Reine Christine en 1649, le nom de l\u2019\u00e9pouse de Johan \u00e9tait orthographi\u00e9 \u00ab von Sipstein \u00bb. On ne retrouve nulle trace de ce nom ailleurs qu\u2019en Su\u00e8de et encore, uniquement dans les registres de cette&hellip;","_links":{"self":[{"href":"https:\/\/kuhlmansaga.com\/sv\/wp-json\/wp\/v2\/pages\/635","targetHints":{"allow":["GET"]}}],"collection":[{"href":"https:\/\/kuhlmansaga.com\/sv\/wp-json\/wp\/v2\/pages"}],"about":[{"href":"https:\/\/kuhlmansaga.com\/sv\/wp-json\/wp\/v2\/types\/page"}],"author":[{"embeddable":true,"href":"https:\/\/kuhlmansaga.com\/sv\/wp-json\/wp\/v2\/users\/1"}],"replies":[{"embeddable":true,"href":"https:\/\/kuhlmansaga.com\/sv\/wp-json\/wp\/v2\/comments?post=635"}],"version-history":[{"count":5,"href":"https:\/\/kuhlmansaga.com\/sv\/wp-json\/wp\/v2\/pages\/635\/revisions"}],"predecessor-version":[{"id":643,"href":"https:\/\/kuhlmansaga.com\/sv\/wp-json\/wp\/v2\/pages\/635\/revisions\/643"}],"wp:attachment":[{"href":"https:\/\/kuhlmansaga.com\/sv\/wp-json\/wp\/v2\/media?parent=635"}],"curies":[{"name":"wp","href":"https:\/\/api.w.org\/{rel}","templated":true}]}}