{"id":728,"date":"2026-01-19T07:42:21","date_gmt":"2026-01-19T07:42:21","guid":{"rendered":"https:\/\/kuhlmansaga.com\/?page_id=728"},"modified":"2026-01-22T16:51:09","modified_gmt":"2026-01-22T16:51:09","slug":"fortroendes-brev-fran-johan-jenrik-liden-1768-1787","status":"publish","type":"page","link":"https:\/\/kuhlmansaga.com\/sv\/fortroendes-brev-fran-johan-jenrik-liden-1768-1787\/","title":{"rendered":"F\u00f6rtroendes Brev fran Johan Jenrik Lid\u00e9n 1768-1787"},"content":{"rendered":"<p>Inledning och sammanst\u00e4llning av Hilda Danielson, 1961. En samling brev fr\u00e5n Johan Henrik Lid\u00e9n till Johan Kuhlman fr\u00e5n 1772 till 1787.<\/p>\n\n\n\n<figure class=\"wp-block-image size-large\"><img loading=\"lazy\" decoding=\"async\" width=\"1024\" height=\"767\" src=\"https:\/\/kuhlmansaga.com\/wp-content\/uploads\/2026\/01\/livre-de-liden-1024x767.png\" alt=\"\" class=\"wp-image-730\" srcset=\"https:\/\/kuhlmansaga.com\/wp-content\/uploads\/2026\/01\/livre-de-liden-1024x767.png 1024w, https:\/\/kuhlmansaga.com\/wp-content\/uploads\/2026\/01\/livre-de-liden-300x225.png 300w, https:\/\/kuhlmansaga.com\/wp-content\/uploads\/2026\/01\/livre-de-liden-768x576.png 768w, https:\/\/kuhlmansaga.com\/wp-content\/uploads\/2026\/01\/livre-de-liden-1536x1151.png 1536w, https:\/\/kuhlmansaga.com\/wp-content\/uploads\/2026\/01\/livre-de-liden-2048x1535.png 2048w, https:\/\/kuhlmansaga.com\/wp-content\/uploads\/2026\/01\/livre-de-liden-16x12.png 16w, https:\/\/kuhlmansaga.com\/wp-content\/uploads\/2026\/01\/livre-de-liden-1320x989.png 1320w, https:\/\/kuhlmansaga.com\/wp-content\/uploads\/2026\/01\/livre-de-liden-350x262.png 350w\" sizes=\"auto, (max-width: 1024px) 100vw, 1024px\" \/><\/figure>\n\n\n\n<p>Link\u00f6pings biblioteks arkiv inneh\u00e5ller alla brev som Lid\u00e9n skrev till sin v\u00e4n och beskyddare Johan Kuhlman. Just n\u00e4r jag skulle be om ett exemplar informerade arkivarien i Norrk\u00f6ping, Rolf Jonsson, mig om att en bok hade publicerats 1961\u2026<\/p>\n\n\n\n<p>I skrivande stund har ungef\u00e4r h\u00e4lften av breven \u00f6versatts, och jag kommer p\u00e5 denna webbplats att presentera de som jag tycker \u00e4r mest anm\u00e4rkningsv\u00e4rda. Bokens inledande text, som publicerades 1961, relaterar till f\u00f6rfattaren Hilda Danielsons f\u00f6rord.<\/p>\n\n\n\n<p>\u00c4ven om boken inneh\u00e5ller 161 brev, finns totalt 120 brev skrivna av Lid\u00e9n till sin v\u00e4n Johan Kuhlman transkriberade d\u00e4r, vilka t\u00e4cker perioden fr\u00e5n januari 1773 till slutet av augusti 1787. Det \u00e4r n\u00e4stan ett per m\u00e5nad under dessa 14 \u00e5r\u2026 Ett viktigt dokument f\u00f6r att f\u00f6rst\u00e5\u2026 \u201dJohans krets\u201d.<\/p>","protected":false},"excerpt":{"rendered":"<p>Introduction et compilation par Hilda Danielson, 1961. Une collection des lettres de Johan Henrik Lid\u00e9n \u00e0 Johan Kuhlman de 1772 \u00e0 1787. Aux archives de la biblioth\u00e8que de Link\u00f6ping sont archiv\u00e9es toutes les lettres \u00e9crites par Lid\u00e9n \u00e0 son ami et protecteur Johan Kuhlman. Alors que je m\u2019appr\u00eatais \u00e0 en demander une copie, l\u2019archiviste de &hellip; <a href=\"https:\/\/kuhlmansaga.com\/sv\/fortroendes-brev-fran-johan-jenrik-liden-1768-1787\/\" class=\"more-link\">Forts\u00e4tt l\u00e4sa <span class=\"screen-reader-text\">F\u00f6rtroendes Brev fran Johan Jenrik Lid\u00e9n 1768-1787<\/span><\/a><\/p>","protected":false},"author":1,"featured_media":0,"parent":0,"menu_order":0,"comment_status":"closed","ping_status":"closed","template":"","meta":{"om_disable_all_campaigns":false,"_uag_custom_page_level_css":"","_monsterinsights_skip_tracking":false,"_monsterinsights_sitenote_active":false,"_monsterinsights_sitenote_note":"","_monsterinsights_sitenote_category":0,"footnotes":""},"class_list":["post-728","page","type-page","status-publish","hentry"],"aioseo_notices":[],"_hostinger_reach_plugin_has_subscription_block":false,"_hostinger_reach_plugin_is_elementor":false,"uagb_featured_image_src":{"full":false,"thumbnail":false,"medium":false,"medium_large":false,"large":false,"1536x1536":false,"2048x2048":false,"trp-custom-language-flag":false,"post-thumbnail":false,"mailpoet_newsletter_max":false,"woocommerce_thumbnail":false,"woocommerce_single":false,"woocommerce_gallery_thumbnail":false},"uagb_author_info":{"display_name":"etienne.laude@yahoo.fr","author_link":"https:\/\/kuhlmansaga.com\/sv\/author\/etienne-laudeyahoo-fr\/"},"uagb_comment_info":0,"uagb_excerpt":"Introduction et compilation par Hilda Danielson, 1961. Une collection des lettres de Johan Henrik Lid\u00e9n \u00e0 Johan Kuhlman de 1772 \u00e0 1787. Aux archives de la biblioth\u00e8que de Link\u00f6ping sont archiv\u00e9es toutes les lettres \u00e9crites par Lid\u00e9n \u00e0 son ami et protecteur Johan Kuhlman. Alors que je m\u2019appr\u00eatais \u00e0 en demander une copie, l\u2019archiviste de&hellip;","_links":{"self":[{"href":"https:\/\/kuhlmansaga.com\/sv\/wp-json\/wp\/v2\/pages\/728","targetHints":{"allow":["GET"]}}],"collection":[{"href":"https:\/\/kuhlmansaga.com\/sv\/wp-json\/wp\/v2\/pages"}],"about":[{"href":"https:\/\/kuhlmansaga.com\/sv\/wp-json\/wp\/v2\/types\/page"}],"author":[{"embeddable":true,"href":"https:\/\/kuhlmansaga.com\/sv\/wp-json\/wp\/v2\/users\/1"}],"replies":[{"embeddable":true,"href":"https:\/\/kuhlmansaga.com\/sv\/wp-json\/wp\/v2\/comments?post=728"}],"version-history":[{"count":3,"href":"https:\/\/kuhlmansaga.com\/sv\/wp-json\/wp\/v2\/pages\/728\/revisions"}],"predecessor-version":[{"id":850,"href":"https:\/\/kuhlmansaga.com\/sv\/wp-json\/wp\/v2\/pages\/728\/revisions\/850"}],"wp:attachment":[{"href":"https:\/\/kuhlmansaga.com\/sv\/wp-json\/wp\/v2\/media?parent=728"}],"curies":[{"name":"wp","href":"https:\/\/api.w.org\/{rel}","templated":true}]}}