{"id":842,"date":"2026-01-22T16:49:44","date_gmt":"2026-01-22T16:49:44","guid":{"rendered":"https:\/\/kuhlmansaga.com\/?page_id=842"},"modified":"2026-01-22T17:08:40","modified_gmt":"2026-01-22T17:08:40","slug":"kuhlmans-pasteller-fran-den-borgerliga-empiren","status":"publish","type":"page","link":"https:\/\/kuhlmansaga.com\/sv\/kuhlmans-pasteller-fran-den-borgerliga-empiren\/","title":{"rendered":"Kuhlmans, Pasteller fr\u00e5n den Borgerliga Empiren"},"content":{"rendered":"<p>Hjalmar Lundgren, Stockholm 1917.<\/p>\n\n\n<div class=\"wp-block-image\">\n<figure class=\"alignleft size-large is-resized\"><img loading=\"lazy\" decoding=\"async\" width=\"616\" height=\"1024\" src=\"https:\/\/kuhlmansaga.com\/wp-content\/uploads\/2026\/01\/kuhlmans-pasteler-lundgren-616x1024.jpg\" alt=\"Kuhlmans, Pasteller fr\u00e5n den Borgerliga Empiren\" class=\"wp-image-843\" style=\"width:250px\" srcset=\"https:\/\/kuhlmansaga.com\/wp-content\/uploads\/2026\/01\/kuhlmans-pasteler-lundgren-616x1024.jpg 616w, https:\/\/kuhlmansaga.com\/wp-content\/uploads\/2026\/01\/kuhlmans-pasteler-lundgren-181x300.jpg 181w, https:\/\/kuhlmansaga.com\/wp-content\/uploads\/2026\/01\/kuhlmans-pasteler-lundgren-768x1276.jpg 768w, https:\/\/kuhlmansaga.com\/wp-content\/uploads\/2026\/01\/kuhlmans-pasteler-lundgren-7x12.jpg 7w, https:\/\/kuhlmansaga.com\/wp-content\/uploads\/2026\/01\/kuhlmans-pasteler-lundgren-350x581.jpg 350w, https:\/\/kuhlmansaga.com\/wp-content\/uploads\/2026\/01\/kuhlmans-pasteler-lundgren.jpg 853w\" sizes=\"auto, (max-width: 616px) 100vw, 616px\" \/><\/figure>\n<\/div>\n\n\n<p>Anders Hugo Hjalmar Lundgren (16 f\u00e9vrier 1880 &#8211; 5 octobre 1953) \u00e9tait un biblioth\u00e9caire et \u00e9crivain su\u00e9dois. Il \u00e9tait le fils du greffier de la ville Johan Edmund Lundgren et de Hilma Andersson-\u00d6hrvall. Il \u00e9tudie \u00e0 Uppsala o\u00f9 il devient bachelier en philosophie en 1903 et licenci\u00e9 en philosophie en 1908 et enfin en 1913 soutient son doctorat et devient docteur en philosophie. En parall\u00e8le, il a acquis sa premi\u00e8re exp\u00e9rience professionnelle en tant que biblioth\u00e9caire \u00e0 l\u2019Universit\u00e9 d\u2019Uppsala. Lorsque Lundgren retourna dans sa ville natale de Norrk\u00f6ping apr\u00e8s la d\u00e9fense publique de sa th\u00e8se de doctorat, l\u2019ancien ministre des Finances Carl Swartz venait de faire don \u00e0 la ville de la propri\u00e9t\u00e9 \u00ab&nbsp;Villa Swartz&nbsp;\u00bb dans le but de faire place \u00e0 la fois \u00e0 une biblioth\u00e8que et \u00e0 un mus\u00e9e d\u2019art. Lundgren a \u00e9t\u00e9 nomm\u00e9 le premier directeur des deux collections et a occup\u00e9 ces missions jusqu\u2019en 1945 (mus\u00e9e d\u2019art) et 1946 (biblioth\u00e8que). \u00c0 la retraite, il fut de 1948 jusqu\u2019\u00e0 sa mort, pr\u00e9sident de l\u2019Association Old Norrk\u00f6ping.<\/p>\n\n\n<div class=\"wp-block-image\">\n<figure class=\"alignright size-full is-resized\"><img loading=\"lazy\" decoding=\"async\" width=\"223\" height=\"590\" src=\"https:\/\/kuhlmansaga.com\/wp-content\/uploads\/2026\/01\/pub-lundgren.png\" alt=\"\" class=\"wp-image-853\" style=\"width:150px\" srcset=\"https:\/\/kuhlmansaga.com\/wp-content\/uploads\/2026\/01\/pub-lundgren.png 223w, https:\/\/kuhlmansaga.com\/wp-content\/uploads\/2026\/01\/pub-lundgren-113x300.png 113w, https:\/\/kuhlmansaga.com\/wp-content\/uploads\/2026\/01\/pub-lundgren-5x12.png 5w\" sizes=\"auto, (max-width: 223px) 100vw, 223px\" \/><\/figure>\n<\/div>\n\n\n<p>Som f\u00f6rfattare debuterade Lundgren 1909 med diktsamlingen Syrinx, som han skrev under en sommarvistelse hos kyrkoherde August Hammarstr\u00f6m i Kvarsebo. Han utvidgade sedan sitt litter\u00e4ra skrivande med reseskildringar, lokala och kulturella verk, historiska stycken med mera. Han \u00f6versatte \u00e4ven utl\u00e4ndsk litteratur (fr\u00e4mst fransk) och redigerade utg\u00e5vor av olika historiska manuskript, inklusive Anekdota Benzeliana (1914) av Erik Benzelius den yngre. <\/p>\n\n\n\n<p>\u00c5r 1927 blev Hjalmar Lundgren sekreterare i Alliance Fran\u00e7aise i Norrk\u00f6ping och senare president fr\u00e5n 1932 och kvarstod i sin position i m\u00e5nga \u00e5r.<\/p>\n\n\n\n<p>\u00c5r 1917 publicerade han en bok till\u00e4gnad familjen Kuhlman i Norrk\u00f6ping och fr\u00e4mst Johan Kuhlman (1738-1806). <\/p>\n\n\n\n<p>Sammanfattning p\u00e5 bokens baksida:<\/p>\n\n\n\n<p><em>\"Familjen Kuhlman h\u00e4rstammar fr\u00e5n Heinrich Kuhlman, som emigrerade till Sverige och blev borgare och k\u00f6pman i staden \u00e5r 1726. Fr\u00e5n sitt f\u00f6rsta \u00e4ktenskap med Christina Brauner hade han tv\u00e5 s\u00f6ner, Henrik och Johan, som b\u00e5da f\u00f6ljde i sin fars fotsp\u00e5r. Heinrich \u00e4gde en fastighet p\u00e5 Drottninggatan med anslutning till Skolgatan. 1700-talsfastigheten f\u00f6rst\u00f6rdes i en brand \u00e5r 1822.\"<\/em><\/p>\n\n\n\n<p><em>\"Kuhlmanhuset\" blev en central punkt i det sociala livet, d\u00e4r de odlade ett intresse f\u00f6r kultur och diskuterade tidens ekonomiska och kulturella fr\u00e5gor. P\u00e5 sommaren samlades de p\u00e5 sitt lantst\u00e4lle i R\u00f6dmossen, n\u00e4ra Kolm\u00e5rden. En vy \u00f6ver R\u00f6dmossen m\u00e5lades av Pehr H\u00f6rberg.<\/em><\/p>\n\n\n\n<p><em>Kuhlmans motto var \"kunskap och Idoghet\". Detta s\u00e4ger mycket om hans temperament. Han var en litteraturf\u00f6respr\u00e5kare och \u00e4gde en stor personlig samling.<\/em><\/p>\n\n\n\n<p>Den 22 december 1917 publicerade tidningen \"Svenska Dagbladet\", i sin litter\u00e4ra sektion, en recension av Lundgrens bok som just hade sl\u00e4ppts och en annons n\u00e5gra dagar tidigare, den 13 december.<\/p>\n\n\n\n<figure class=\"wp-block-image size-large\"><img loading=\"lazy\" decoding=\"async\" width=\"1024\" height=\"912\" src=\"https:\/\/kuhlmansaga.com\/wp-content\/uploads\/2026\/01\/critique-du-livre-de-lundgren-1024x912.png\" alt=\"\" class=\"wp-image-852\" srcset=\"https:\/\/kuhlmansaga.com\/wp-content\/uploads\/2026\/01\/critique-du-livre-de-lundgren-1024x912.png 1024w, https:\/\/kuhlmansaga.com\/wp-content\/uploads\/2026\/01\/critique-du-livre-de-lundgren-300x267.png 300w, https:\/\/kuhlmansaga.com\/wp-content\/uploads\/2026\/01\/critique-du-livre-de-lundgren-768x684.png 768w, https:\/\/kuhlmansaga.com\/wp-content\/uploads\/2026\/01\/critique-du-livre-de-lundgren-1536x1368.png 1536w, https:\/\/kuhlmansaga.com\/wp-content\/uploads\/2026\/01\/critique-du-livre-de-lundgren-2048x1824.png 2048w, https:\/\/kuhlmansaga.com\/wp-content\/uploads\/2026\/01\/critique-du-livre-de-lundgren-13x12.png 13w, https:\/\/kuhlmansaga.com\/wp-content\/uploads\/2026\/01\/critique-du-livre-de-lundgren-1320x1175.png 1320w, https:\/\/kuhlmansaga.com\/wp-content\/uploads\/2026\/01\/critique-du-livre-de-lundgren-350x312.png 350w\" sizes=\"auto, (max-width: 1024px) 100vw, 1024px\" \/><\/figure>\n\n\n\n<p>M\u00e4rkligt nog n\u00e4mns en annan bok, fortfarande i samma tidning och samma dag: \"Sune Vegult\", av Olle Bergqvist, l\u00f6st baserad p\u00e5 ber\u00e4ttelsen om\u2026 Louis Fr\u00e9d\u00e9ric de Vegult, farfar till Augusta Maklin och tidigare stallm\u00e4stare till Ludvig XVI, hustru till Josef Kuhlman. Men det \u00e4r en annan historia\u2026<\/p>\n\n\n<div class=\"wp-block-image\">\n<figure class=\"aligncenter size-full\"><img loading=\"lazy\" decoding=\"async\" width=\"444\" height=\"417\" src=\"https:\/\/kuhlmansaga.com\/wp-content\/uploads\/2026\/01\/Nya-bocker.png\" alt=\"\" class=\"wp-image-858\" srcset=\"https:\/\/kuhlmansaga.com\/wp-content\/uploads\/2026\/01\/Nya-bocker.png 444w, https:\/\/kuhlmansaga.com\/wp-content\/uploads\/2026\/01\/Nya-bocker-300x282.png 300w, https:\/\/kuhlmansaga.com\/wp-content\/uploads\/2026\/01\/Nya-bocker-13x12.png 13w, https:\/\/kuhlmansaga.com\/wp-content\/uploads\/2026\/01\/Nya-bocker-350x329.png 350w\" sizes=\"auto, (max-width: 444px) 100vw, 444px\" \/><\/figure>\n<\/div>","protected":false},"excerpt":{"rendered":"<p>Hjalmar Lundgren, Stockholm 1917. Anders Hugo Hjalmar Lundgren (16 f\u00e9vrier 1880 &#8211; 5 octobre 1953) \u00e9tait un biblioth\u00e9caire et \u00e9crivain su\u00e9dois. Il \u00e9tait le fils du greffier de la ville Johan Edmund Lundgren et de Hilma Andersson-\u00d6hrvall. Il \u00e9tudie \u00e0 Uppsala o\u00f9 il devient bachelier en philosophie en 1903 et licenci\u00e9 en philosophie en 1908 &hellip; <a href=\"https:\/\/kuhlmansaga.com\/sv\/kuhlmans-pasteller-fran-den-borgerliga-empiren\/\" class=\"more-link\">Forts\u00e4tt l\u00e4sa <span class=\"screen-reader-text\">Kuhlmans, Pasteller fr\u00e5n den Borgerliga Empiren<\/span><\/a><\/p>","protected":false},"author":1,"featured_media":0,"parent":0,"menu_order":0,"comment_status":"closed","ping_status":"closed","template":"","meta":{"om_disable_all_campaigns":false,"_uag_custom_page_level_css":"","_monsterinsights_skip_tracking":false,"_monsterinsights_sitenote_active":false,"_monsterinsights_sitenote_note":"","_monsterinsights_sitenote_category":0,"footnotes":""},"class_list":["post-842","page","type-page","status-publish","hentry"],"aioseo_notices":[],"_hostinger_reach_plugin_has_subscription_block":false,"_hostinger_reach_plugin_is_elementor":false,"uagb_featured_image_src":{"full":false,"thumbnail":false,"medium":false,"medium_large":false,"large":false,"1536x1536":false,"2048x2048":false,"trp-custom-language-flag":false,"post-thumbnail":false,"mailpoet_newsletter_max":false,"woocommerce_thumbnail":false,"woocommerce_single":false,"woocommerce_gallery_thumbnail":false},"uagb_author_info":{"display_name":"etienne.laude@yahoo.fr","author_link":"https:\/\/kuhlmansaga.com\/sv\/author\/etienne-laudeyahoo-fr\/"},"uagb_comment_info":0,"uagb_excerpt":"Hjalmar Lundgren, Stockholm 1917. Anders Hugo Hjalmar Lundgren (16 f\u00e9vrier 1880 &#8211; 5 octobre 1953) \u00e9tait un biblioth\u00e9caire et \u00e9crivain su\u00e9dois. Il \u00e9tait le fils du greffier de la ville Johan Edmund Lundgren et de Hilma Andersson-\u00d6hrvall. Il \u00e9tudie \u00e0 Uppsala o\u00f9 il devient bachelier en philosophie en 1903 et licenci\u00e9 en philosophie en 1908&hellip;","_links":{"self":[{"href":"https:\/\/kuhlmansaga.com\/sv\/wp-json\/wp\/v2\/pages\/842","targetHints":{"allow":["GET"]}}],"collection":[{"href":"https:\/\/kuhlmansaga.com\/sv\/wp-json\/wp\/v2\/pages"}],"about":[{"href":"https:\/\/kuhlmansaga.com\/sv\/wp-json\/wp\/v2\/types\/page"}],"author":[{"embeddable":true,"href":"https:\/\/kuhlmansaga.com\/sv\/wp-json\/wp\/v2\/users\/1"}],"replies":[{"embeddable":true,"href":"https:\/\/kuhlmansaga.com\/sv\/wp-json\/wp\/v2\/comments?post=842"}],"version-history":[{"count":9,"href":"https:\/\/kuhlmansaga.com\/sv\/wp-json\/wp\/v2\/pages\/842\/revisions"}],"predecessor-version":[{"id":859,"href":"https:\/\/kuhlmansaga.com\/sv\/wp-json\/wp\/v2\/pages\/842\/revisions\/859"}],"wp:attachment":[{"href":"https:\/\/kuhlmansaga.com\/sv\/wp-json\/wp\/v2\/media?parent=842"}],"curies":[{"name":"wp","href":"https:\/\/api.w.org\/{rel}","templated":true}]}}